{"id":15,"date":"2020-12-21T05:09:14","date_gmt":"2020-12-21T05:09:14","guid":{"rendered":"https:\/\/oconnorslawn.com\/?page_id=15"},"modified":"2021-02-24T15:31:09","modified_gmt":"2021-02-24T21:31:09","slug":"contact-us","status":"publish","type":"page","link":"https:\/\/oconnorslawn.com\/es\/contact-us\/","title":{"rendered":"Cont\u00e1ctenos"},"content":{"rendered":"<div data-elementor-type=\"wp-page\" data-elementor-id=\"15\" class=\"elementor elementor-15\" data-elementor-post-type=\"page\">\n\t\t\t\t\t\t<section class=\"elementor-section elementor-top-section elementor-element elementor-element-42955c1b elementor-reverse-mobile elementor-reverse-tablet elementor-section-full_width elementor-section-height-default elementor-section-height-default\" data-id=\"42955c1b\" data-element_type=\"section\" data-e-type=\"section\" data-settings=\"{&quot;background_background&quot;:&quot;classic&quot;}\">\n\t\t\t\t\t\t\t<div class=\"elementor-background-overlay\"><\/div>\n\t\t\t\t\t\t\t<div class=\"elementor-container elementor-column-gap-default\">\n\t\t\t\t\t<div class=\"elementor-column elementor-col-50 elementor-top-column elementor-element elementor-element-3f05e2e5\" data-id=\"3f05e2e5\" data-element_type=\"column\" data-e-type=\"column\">\n\t\t\t<div class=\"elementor-widget-wrap elementor-element-populated\">\n\t\t\t\t\t\t<div class=\"elementor-element elementor-element-fc1b983 elementor-widget elementor-widget-image\" data-id=\"fc1b983\" data-element_type=\"widget\" data-e-type=\"widget\" data-widget_type=\"image.default\">\n\t\t\t\t<div class=\"elementor-widget-container\">\n\t\t\t\t\t\t\t\t\t\t\t\t\t\t\t<img loading=\"lazy\" decoding=\"async\" width=\"356\" height=\"91\" src=\"https:\/\/oconnorslawn.com\/wp-content\/uploads\/2021\/01\/oconnors-lawn-equipment.png\" class=\"attachment-full size-full wp-image-38\" alt=\"\" srcset=\"https:\/\/oconnorslawn.com\/wp-content\/uploads\/2021\/01\/oconnors-lawn-equipment.png 356w, https:\/\/oconnorslawn.com\/wp-content\/uploads\/2021\/01\/oconnors-lawn-equipment-300x77.png 300w, https:\/\/oconnorslawn.com\/wp-content\/uploads\/2021\/01\/oconnors-lawn-equipment-18x5.png 18w, https:\/\/oconnorslawn.com\/wp-content\/uploads\/2021\/01\/oconnors-lawn-equipment-64x16.png 64w\" sizes=\"auto, (max-width: 356px) 100vw, 356px\">\t\t\t\t\t\t\t\t\t\t\t\t\t\t\t<\/div>\n\t\t\t\t<\/div>\n\t\t\t\t\t<\/div>\n\t\t<\/div>\n\t\t\t\t<div class=\"elementor-column elementor-col-50 elementor-top-column elementor-element elementor-element-14b7b11d\" data-id=\"14b7b11d\" data-element_type=\"column\" data-e-type=\"column\">\n\t\t\t<div class=\"elementor-widget-wrap elementor-element-populated\">\n\t\t\t\t\t\t<div class=\"elementor-element elementor-element-625877ce elementor-widget elementor-widget-heading\" data-id=\"625877ce\" data-element_type=\"widget\" data-e-type=\"widget\" data-widget_type=\"heading.default\">\n\t\t\t\t<div class=\"elementor-widget-container\">\n\t\t\t\t\t<h4 class=\"elementor-heading-title elementor-size-default\">O&#039;Connor&#039;s ofrece las mejores marcas en equipos para c\u00e9sped y jard\u00edn<br>\n<span class=\"yellows\">y el mejor equipo de servicio de las \u00e1reas para probarlos y mantenerlos.\n<\/span><\/h4>\t\t\t\t<\/div>\n\t\t\t\t<\/div>\n\t\t\t\t\t<\/div>\n\t\t<\/div>\n\t\t\t\t\t<\/div>\n\t\t<\/section>\n\t\t\t\t<section class=\"elementor-section elementor-top-section elementor-element elementor-element-639f2336 elementor-section-height-min-height elementor-section-items-bottom elementor-section-full_width elementor-section-height-default\" data-id=\"639f2336\" data-element_type=\"section\" data-e-type=\"section\" data-settings=\"{&quot;background_background&quot;:&quot;classic&quot;}\">\n\t\t\t\t\t\t\t<div class=\"elementor-background-overlay\"><\/div>\n\t\t\t\t\t\t\t<div class=\"elementor-container elementor-column-gap-default\">\n\t\t\t\t\t<div class=\"elementor-column elementor-col-100 elementor-top-column elementor-element elementor-element-6914d580\" data-id=\"6914d580\" data-element_type=\"column\" data-e-type=\"column\">\n\t\t\t<div class=\"elementor-widget-wrap\">\n\t\t\t\t\t\t\t<\/div>\n\t\t<\/div>\n\t\t\t\t\t<\/div>\n\t\t<\/section>\n\t\t\t\t<section class=\"elementor-section elementor-top-section elementor-element elementor-element-64942120 elementor-reverse-mobile elementor-reverse-tablet elementor-section-boxed elementor-section-height-default elementor-section-height-default\" data-id=\"64942120\" data-element_type=\"section\" data-e-type=\"section\" data-settings=\"{&quot;background_background&quot;:&quot;classic&quot;}\">\n\t\t\t\t\t\t\t<div class=\"elementor-background-overlay\"><\/div>\n\t\t\t\t\t\t\t<div class=\"elementor-container elementor-column-gap-default\">\n\t\t\t\t\t<div class=\"elementor-column elementor-col-100 elementor-top-column elementor-element elementor-element-589b80af\" data-id=\"589b80af\" data-element_type=\"column\" data-e-type=\"column\">\n\t\t\t<div class=\"elementor-widget-wrap elementor-element-populated\">\n\t\t\t\t\t\t<section class=\"elementor-section elementor-inner-section elementor-element elementor-element-7ecd134a elementor-reverse-mobile elementor-section-boxed elementor-section-height-default elementor-section-height-default\" data-id=\"7ecd134a\" data-element_type=\"section\" data-e-type=\"section\">\n\t\t\t\t\t\t<div class=\"elementor-container elementor-column-gap-wider\">\n\t\t\t\t\t<div class=\"elementor-column elementor-col-50 elementor-inner-column elementor-element elementor-element-11131316\" data-id=\"11131316\" data-element_type=\"column\" data-e-type=\"column\">\n\t\t\t<div class=\"elementor-widget-wrap elementor-element-populated\">\n\t\t\t\t\t\t<div class=\"elementor-element elementor-element-1e51f2cf elementor-widget elementor-widget-image\" data-id=\"1e51f2cf\" data-element_type=\"widget\" data-e-type=\"widget\" data-widget_type=\"image.default\">\n\t\t\t\t<div class=\"elementor-widget-container\">\n\t\t\t\t\t\t\t\t\t\t\t\t\t\t\t<img loading=\"lazy\" decoding=\"async\" width=\"411\" height=\"225\" src=\"https:\/\/oconnorslawn.com\/wp-content\/uploads\/2021\/02\/oconnors-70-years.jpg\" class=\"attachment-large size-large wp-image-5450\" alt=\"\" srcset=\"https:\/\/oconnorslawn.com\/wp-content\/uploads\/2021\/02\/oconnors-70-years.jpg 411w, https:\/\/oconnorslawn.com\/wp-content\/uploads\/2021\/02\/oconnors-70-years-300x164.jpg 300w, https:\/\/oconnorslawn.com\/wp-content\/uploads\/2021\/02\/oconnors-70-years-18x10.jpg 18w, https:\/\/oconnorslawn.com\/wp-content\/uploads\/2021\/02\/oconnors-70-years-64x35.jpg 64w\" sizes=\"auto, (max-width: 411px) 100vw, 411px\">\t\t\t\t\t\t\t\t\t\t\t\t\t\t\t<\/div>\n\t\t\t\t<\/div>\n\t\t\t\t<div class=\"elementor-element elementor-element-70b8555e elementor-widget-divider--view-line elementor-widget elementor-widget-divider\" data-id=\"70b8555e\" data-element_type=\"widget\" data-e-type=\"widget\" data-widget_type=\"divider.default\">\n\t\t\t\t<div class=\"elementor-widget-container\">\n\t\t\t\t\t\t\t<div class=\"elementor-divider\">\n\t\t\t<span class=\"elementor-divider-separator\">\n\t\t\t\t\t\t<\/span>\n\t\t<\/div>\n\t\t\t\t\t\t<\/div>\n\t\t\t\t<\/div>\n\t\t\t\t<div class=\"elementor-element elementor-element-22246c1 elementor-widget elementor-widget-heading\" data-id=\"22246c1\" data-element_type=\"widget\" data-e-type=\"widget\" data-widget_type=\"heading.default\">\n\t\t\t\t<div class=\"elementor-widget-container\">\n\t\t\t\t\t<h4 class=\"elementor-heading-title elementor-size-default\">Visita nuestra tienda<\/h4>\t\t\t\t<\/div>\n\t\t\t\t<\/div>\n\t\t\t\t<div class=\"elementor-element elementor-element-c8cf150 elementor-widget elementor-widget-text-editor\" data-id=\"c8cf150\" data-element_type=\"widget\" data-e-type=\"widget\" data-widget_type=\"text-editor.default\">\n\t\t\t\t<div class=\"elementor-widget-container\">\n\t\t\t\t\t\t\t\t\t<a title=\"Ubicaci\u00f3n de Google Maps de O&#039;Connor\" alt=\"O&#039;Connor&#039;s Google Maps Location\" href=\"https:\/\/g.page\/OConnorsLawn?share\" target=\"_blank\" rel=\"noopener nofollow\"><strong>2244 NW 140th Street, Ciudad de Oklahoma, OK 73134<\/strong><\/a>\t\t\t\t\t\t\t\t<\/div>\n\t\t\t\t<\/div>\n\t\t\t\t<div class=\"elementor-element elementor-element-5a934e51 elementor-widget elementor-widget-heading\" data-id=\"5a934e51\" data-element_type=\"widget\" data-e-type=\"widget\" data-widget_type=\"heading.default\">\n\t\t\t\t<div class=\"elementor-widget-container\">\n\t\t\t\t\t<h4 class=\"elementor-heading-title elementor-size-default\">Ll\u00e1manos<\/h4>\t\t\t\t<\/div>\n\t\t\t\t<\/div>\n\t\t\t\t<div class=\"elementor-element elementor-element-12644480 elementor-widget elementor-widget-text-editor\" data-id=\"12644480\" data-element_type=\"widget\" data-e-type=\"widget\" data-widget_type=\"text-editor.default\">\n\t\t\t\t<div class=\"elementor-widget-container\">\n\t\t\t\t\t\t\t\t\t<h4><a href=\"tel:405-751-3222\" target=\"_blank\" rel=\"nofollow noopener\">405-751-3222<\/a><\/h4>\t\t\t\t\t\t\t\t<\/div>\n\t\t\t\t<\/div>\n\t\t\t\t<div class=\"elementor-element elementor-element-1f44309f elementor-widget-divider--view-line elementor-widget elementor-widget-divider\" data-id=\"1f44309f\" data-element_type=\"widget\" data-e-type=\"widget\" data-widget_type=\"divider.default\">\n\t\t\t\t<div class=\"elementor-widget-container\">\n\t\t\t\t\t\t\t<div class=\"elementor-divider\">\n\t\t\t<span class=\"elementor-divider-separator\">\n\t\t\t\t\t\t<\/span>\n\t\t<\/div>\n\t\t\t\t\t\t<\/div>\n\t\t\t\t<\/div>\n\t\t\t\t<div class=\"elementor-element elementor-element-32c56eb0 elementor-widget elementor-widget-text-editor\" data-id=\"32c56eb0\" data-element_type=\"widget\" data-e-type=\"widget\" data-widget_type=\"text-editor.default\">\n\t\t\t\t<div class=\"elementor-widget-container\">\n\t\t\t\t\t\t\t\t\t<p>A lo largo de los \u00faltimos 70 a\u00f1os de servicio a los habitantes de Oklahoma en la industria del c\u00e9sped y el jard\u00edn, muchas cosas han cambiado, pero nuestra dedicaci\u00f3n a los precios bajos y el excelente servicio sigue siendo la misma.<\/p>\t\t\t\t\t\t\t\t<\/div>\n\t\t\t\t<\/div>\n\t\t\t\t\t<\/div>\n\t\t<\/div>\n\t\t\t\t<div class=\"elementor-column elementor-col-50 elementor-inner-column elementor-element elementor-element-46ba7bc\" data-id=\"46ba7bc\" data-element_type=\"column\" data-e-type=\"column\">\n\t\t\t<div class=\"elementor-widget-wrap elementor-element-populated\">\n\t\t\t\t\t\t<div class=\"elementor-element elementor-element-25e49aac elementor-widget elementor-widget-image\" data-id=\"25e49aac\" data-element_type=\"widget\" data-e-type=\"widget\" data-widget_type=\"image.default\">\n\t\t\t\t<div class=\"elementor-widget-container\">\n\t\t\t\t\t\t\t\t\t\t\t\t\t\t\t<img loading=\"lazy\" decoding=\"async\" width=\"768\" height=\"861\" src=\"https:\/\/oconnorslawn.com\/wp-content\/uploads\/2021\/02\/oconnors-service-customer-support-768x861.jpg\" class=\"attachment-medium_large size-medium_large wp-image-5753\" alt=\"\" srcset=\"https:\/\/oconnorslawn.com\/wp-content\/uploads\/2021\/02\/oconnors-service-customer-support-768x861.jpg 768w, https:\/\/oconnorslawn.com\/wp-content\/uploads\/2021\/02\/oconnors-service-customer-support-268x300.jpg 268w, https:\/\/oconnorslawn.com\/wp-content\/uploads\/2021\/02\/oconnors-service-customer-support-11x12.jpg 11w, https:\/\/oconnorslawn.com\/wp-content\/uploads\/2021\/02\/oconnors-service-customer-support-300x336.jpg 300w, https:\/\/oconnorslawn.com\/wp-content\/uploads\/2021\/02\/oconnors-service-customer-support-700x785.jpg 700w, https:\/\/oconnorslawn.com\/wp-content\/uploads\/2021\/02\/oconnors-service-customer-support-64x72.jpg 64w, https:\/\/oconnorslawn.com\/wp-content\/uploads\/2021\/02\/oconnors-service-customer-support.jpg 892w\" sizes=\"auto, (max-width: 768px) 100vw, 768px\">\t\t\t\t\t\t\t\t\t\t\t\t\t\t\t<\/div>\n\t\t\t\t<\/div>\n\t\t\t\t<div class=\"elementor-element elementor-element-914674c elementor-widget elementor-widget-image\" data-id=\"914674c\" data-element_type=\"widget\" data-e-type=\"widget\" data-widget_type=\"image.default\">\n\t\t\t\t<div class=\"elementor-widget-container\">\n\t\t\t\t\t\t\t\t\t\t\t\t\t\t\t<img loading=\"lazy\" decoding=\"async\" width=\"768\" height=\"502\" src=\"https:\/\/oconnorslawn.com\/wp-content\/uploads\/2021\/02\/service-friendly-768x502.jpeg\" class=\"attachment-medium_large size-medium_large wp-image-5637\" alt=\"\" srcset=\"https:\/\/oconnorslawn.com\/wp-content\/uploads\/2021\/02\/service-friendly-768x502.jpeg 768w, https:\/\/oconnorslawn.com\/wp-content\/uploads\/2021\/02\/service-friendly-300x196.jpeg 300w, https:\/\/oconnorslawn.com\/wp-content\/uploads\/2021\/02\/service-friendly-1024x669.jpeg 1024w, https:\/\/oconnorslawn.com\/wp-content\/uploads\/2021\/02\/service-friendly-18x12.jpeg 18w, https:\/\/oconnorslawn.com\/wp-content\/uploads\/2021\/02\/service-friendly-700x458.jpeg 700w, https:\/\/oconnorslawn.com\/wp-content\/uploads\/2021\/02\/service-friendly-64x42.jpeg 64w, https:\/\/oconnorslawn.com\/wp-content\/uploads\/2021\/02\/service-friendly.jpeg 1031w\" sizes=\"auto, (max-width: 768px) 100vw, 768px\">\t\t\t\t\t\t\t\t\t\t\t\t\t\t\t<\/div>\n\t\t\t\t<\/div>\n\t\t\t\t\t<\/div>\n\t\t<\/div>\n\t\t\t\t\t<\/div>\n\t\t<\/section>\n\t\t\t\t\t<\/div>\n\t\t<\/div>\n\t\t\t\t\t<\/div>\n\t\t<\/section>\n\t\t\t\t<section class=\"elementor-section elementor-top-section elementor-element elementor-element-1d3d650 elementor-reverse-mobile elementor-reverse-tablet elementor-section-boxed elementor-section-height-default elementor-section-height-default\" data-id=\"1d3d650\" data-element_type=\"section\" data-e-type=\"section\" data-settings=\"{&quot;background_background&quot;:&quot;gradient&quot;}\">\n\t\t\t\t\t\t\t<div class=\"elementor-background-overlay\"><\/div>\n\t\t\t\t\t\t\t<div class=\"elementor-container elementor-column-gap-default\">\n\t\t\t\t\t<div class=\"elementor-column elementor-col-100 elementor-top-column elementor-element elementor-element-731bfd4e\" data-id=\"731bfd4e\" data-element_type=\"column\" data-e-type=\"column\">\n\t\t\t<div class=\"elementor-widget-wrap elementor-element-populated\">\n\t\t\t\t\t\t<div class=\"elementor-element elementor-element-5fb0042f elementor-widget elementor-widget-heading\" data-id=\"5fb0042f\" data-element_type=\"widget\" data-e-type=\"widget\" data-widget_type=\"heading.default\">\n\t\t\t\t<div class=\"elementor-widget-container\">\n\t\t\t\t\t<h4 class=\"elementor-heading-title elementor-size-default\">Cuando est\u00e9 listo para una empresa de equipos para el c\u00e9sped que trabaja duro<br> para hacerlo bien para usted todos los d\u00edas, en todo momento,\n<span class=\"yellows\">estamos aqu\u00ed por t\u00ed.\n<\/span><\/h4>\t\t\t\t<\/div>\n\t\t\t\t<\/div>\n\t\t\t\t\t<\/div>\n\t\t<\/div>\n\t\t\t\t\t<\/div>\n\t\t<\/section>\n\t\t\t\t<\/div>","protected":false},"excerpt":{"rendered":"<p>O\u2019Connor\u2019s offers the best brands in Lawn &#038; Garden Equipment and the areas best Service Team to test and maintain them. Visit our store 2244 NW 140th Street, Oklahoma City, OK 73134 Call Us 405-751-3222 Throughout the past 70+ years of serving Oklahomans in the lawn and garden industry a lot has changed, but our [&hellip;]<\/p>\n","protected":false},"author":2,"featured_media":0,"parent":0,"menu_order":0,"comment_status":"closed","ping_status":"closed","template":"","meta":{"_acf_changed":false,"footnotes":""},"class_list":["post-15","page","type-page","status-publish","hentry"],"acf":[],"_links":{"self":[{"href":"https:\/\/oconnorslawn.com\/es\/wp-json\/wp\/v2\/pages\/15","targetHints":{"allow":["GET"]}}],"collection":[{"href":"https:\/\/oconnorslawn.com\/es\/wp-json\/wp\/v2\/pages"}],"about":[{"href":"https:\/\/oconnorslawn.com\/es\/wp-json\/wp\/v2\/types\/page"}],"author":[{"embeddable":true,"href":"https:\/\/oconnorslawn.com\/es\/wp-json\/wp\/v2\/users\/2"}],"replies":[{"embeddable":true,"href":"https:\/\/oconnorslawn.com\/es\/wp-json\/wp\/v2\/comments?post=15"}],"version-history":[{"count":37,"href":"https:\/\/oconnorslawn.com\/es\/wp-json\/wp\/v2\/pages\/15\/revisions"}],"predecessor-version":[{"id":5891,"href":"https:\/\/oconnorslawn.com\/es\/wp-json\/wp\/v2\/pages\/15\/revisions\/5891"}],"wp:attachment":[{"href":"https:\/\/oconnorslawn.com\/es\/wp-json\/wp\/v2\/media?parent=15"}],"curies":[{"name":"wp","href":"https:\/\/api.w.org\/{rel}","templated":true}]}}