{"id":6139,"date":"2021-02-25T23:12:36","date_gmt":"2021-02-26T05:12:36","guid":{"rendered":"https:\/\/oconnorslawn.com\/?page_id=6139"},"modified":"2021-03-12T11:00:21","modified_gmt":"2021-03-12T17:00:21","slug":"warranty","status":"publish","type":"page","link":"https:\/\/oconnorslawn.com\/es\/warranty\/","title":{"rendered":"Garant\u00eda"},"content":{"rendered":"<div data-elementor-type=\"wp-page\" data-elementor-id=\"6139\" class=\"elementor elementor-6139\" data-elementor-post-type=\"page\">\n\t\t\t\t\t\t<section class=\"elementor-section elementor-top-section elementor-element elementor-element-cee2e0b elementor-reverse-mobile elementor-reverse-tablet elementor-section-full_width elementor-section-height-default elementor-section-height-default\" data-id=\"cee2e0b\" data-element_type=\"section\" data-e-type=\"section\" data-settings=\"{&quot;background_background&quot;:&quot;classic&quot;}\">\n\t\t\t\t\t\t\t<div class=\"elementor-background-overlay\"><\/div>\n\t\t\t\t\t\t\t<div class=\"elementor-container elementor-column-gap-default\">\n\t\t\t\t\t<div class=\"elementor-column elementor-col-50 elementor-top-column elementor-element elementor-element-c3f56b7\" data-id=\"c3f56b7\" data-element_type=\"column\" data-e-type=\"column\">\n\t\t\t<div class=\"elementor-widget-wrap elementor-element-populated\">\n\t\t\t\t\t\t<div class=\"elementor-element elementor-element-a04c495 elementor-widget elementor-widget-image\" data-id=\"a04c495\" data-element_type=\"widget\" data-e-type=\"widget\" data-widget_type=\"image.default\">\n\t\t\t\t<div class=\"elementor-widget-container\">\n\t\t\t\t\t\t\t\t\t\t\t\t\t\t\t<img loading=\"lazy\" decoding=\"async\" width=\"356\" height=\"91\" src=\"https:\/\/oconnorslawn.com\/wp-content\/uploads\/2021\/01\/oconnors-lawn-equipment.png\" class=\"attachment-full size-full wp-image-38\" alt=\"\" srcset=\"https:\/\/oconnorslawn.com\/wp-content\/uploads\/2021\/01\/oconnors-lawn-equipment.png 356w, https:\/\/oconnorslawn.com\/wp-content\/uploads\/2021\/01\/oconnors-lawn-equipment-300x77.png 300w, https:\/\/oconnorslawn.com\/wp-content\/uploads\/2021\/01\/oconnors-lawn-equipment-18x5.png 18w, https:\/\/oconnorslawn.com\/wp-content\/uploads\/2021\/01\/oconnors-lawn-equipment-64x16.png 64w\" sizes=\"auto, (max-width: 356px) 100vw, 356px\">\t\t\t\t\t\t\t\t\t\t\t\t\t\t\t<\/div>\n\t\t\t\t<\/div>\n\t\t\t\t\t<\/div>\n\t\t<\/div>\n\t\t\t\t<div class=\"elementor-column elementor-col-50 elementor-top-column elementor-element elementor-element-1f308cf\" data-id=\"1f308cf\" data-element_type=\"column\" data-e-type=\"column\">\n\t\t\t<div class=\"elementor-widget-wrap elementor-element-populated\">\n\t\t\t\t\t\t<div class=\"elementor-element elementor-element-56487b0 elementor-widget elementor-widget-heading\" data-id=\"56487b0\" data-element_type=\"widget\" data-e-type=\"widget\" data-widget_type=\"heading.default\">\n\t\t\t\t<div class=\"elementor-widget-container\">\n\t\t\t\t\t<h4 class=\"elementor-heading-title elementor-size-default\">O&#039;Connor&#039;s ofrece las mejores marcas en equipos para c\u00e9sped y jard\u00edn<br>\n<span class=\"yellows\">y el mejor equipo de servicio de las \u00e1reas para probarlos y mantenerlos.\n<\/span><\/h4>\t\t\t\t<\/div>\n\t\t\t\t<\/div>\n\t\t\t\t\t<\/div>\n\t\t<\/div>\n\t\t\t\t\t<\/div>\n\t\t<\/section>\n\t\t\t\t<section class=\"elementor-section elementor-top-section elementor-element elementor-element-4d6c2d71 elementor-section-height-min-height elementor-section-full_width elementor-section-height-default elementor-section-items-middle\" data-id=\"4d6c2d71\" data-element_type=\"section\" data-e-type=\"section\" data-settings=\"{&quot;background_background&quot;:&quot;classic&quot;}\">\n\t\t\t\t\t\t\t<div class=\"elementor-background-overlay\"><\/div>\n\t\t\t\t\t\t\t<div class=\"elementor-container elementor-column-gap-default\">\n\t\t\t\t\t<div class=\"elementor-column elementor-col-100 elementor-top-column elementor-element elementor-element-580b5bb\" data-id=\"580b5bb\" data-element_type=\"column\" data-e-type=\"column\">\n\t\t\t<div class=\"elementor-widget-wrap\">\n\t\t\t\t\t\t\t<\/div>\n\t\t<\/div>\n\t\t\t\t\t<\/div>\n\t\t<\/section>\n\t\t\t\t<section class=\"elementor-section elementor-top-section elementor-element elementor-element-60ba759 elementor-reverse-mobile elementor-reverse-tablet elementor-section-boxed elementor-section-height-default elementor-section-height-default\" data-id=\"60ba759\" data-element_type=\"section\" data-e-type=\"section\" data-settings=\"{&quot;background_background&quot;:&quot;classic&quot;}\">\n\t\t\t\t\t\t\t<div class=\"elementor-background-overlay\"><\/div>\n\t\t\t\t\t\t\t<div class=\"elementor-container elementor-column-gap-default\">\n\t\t\t\t\t<div class=\"elementor-column elementor-col-50 elementor-top-column elementor-element elementor-element-2a3d6bc\" data-id=\"2a3d6bc\" data-element_type=\"column\" data-e-type=\"column\">\n\t\t\t<div class=\"elementor-widget-wrap elementor-element-populated\">\n\t\t\t\t\t\t<div class=\"elementor-element elementor-element-ddd9394 elementor-widget elementor-widget-image\" data-id=\"ddd9394\" data-element_type=\"widget\" data-e-type=\"widget\" data-widget_type=\"image.default\">\n\t\t\t\t<div class=\"elementor-widget-container\">\n\t\t\t\t\t\t\t\t\t\t\t\t\t\t\t<img loading=\"lazy\" decoding=\"async\" width=\"411\" height=\"225\" src=\"https:\/\/oconnorslawn.com\/wp-content\/uploads\/2021\/02\/oconnors-70-years.jpg\" class=\"attachment-large size-large wp-image-5450\" alt=\"\" srcset=\"https:\/\/oconnorslawn.com\/wp-content\/uploads\/2021\/02\/oconnors-70-years.jpg 411w, https:\/\/oconnorslawn.com\/wp-content\/uploads\/2021\/02\/oconnors-70-years-300x164.jpg 300w, https:\/\/oconnorslawn.com\/wp-content\/uploads\/2021\/02\/oconnors-70-years-18x10.jpg 18w, https:\/\/oconnorslawn.com\/wp-content\/uploads\/2021\/02\/oconnors-70-years-64x35.jpg 64w\" sizes=\"auto, (max-width: 411px) 100vw, 411px\">\t\t\t\t\t\t\t\t\t\t\t\t\t\t\t<\/div>\n\t\t\t\t<\/div>\n\t\t\t\t\t<\/div>\n\t\t<\/div>\n\t\t\t\t<div class=\"elementor-column elementor-col-50 elementor-top-column elementor-element elementor-element-5f6e44f\" data-id=\"5f6e44f\" data-element_type=\"column\" data-e-type=\"column\">\n\t\t\t<div class=\"elementor-widget-wrap elementor-element-populated\">\n\t\t\t\t\t\t<div class=\"elementor-element elementor-element-e1962f6 elementor-widget elementor-widget-heading\" data-id=\"e1962f6\" data-element_type=\"widget\" data-e-type=\"widget\" data-widget_type=\"heading.default\">\n\t\t\t\t<div class=\"elementor-widget-container\">\n\t\t\t\t\t<h4 class=\"elementor-heading-title elementor-size-default\">El nombre de confianza en <br>OK cuidado del c\u00e9sped <span class=\"greens\">desde 1948.<\/span><\/h4>\t\t\t\t<\/div>\n\t\t\t\t<\/div>\n\t\t\t\t<div class=\"elementor-element elementor-element-4317307 elementor-widget-divider--view-line elementor-widget elementor-widget-divider\" data-id=\"4317307\" data-element_type=\"widget\" data-e-type=\"widget\" data-widget_type=\"divider.default\">\n\t\t\t\t<div class=\"elementor-widget-container\">\n\t\t\t\t\t\t\t<div class=\"elementor-divider\">\n\t\t\t<span class=\"elementor-divider-separator\">\n\t\t\t\t\t\t<\/span>\n\t\t<\/div>\n\t\t\t\t\t\t<\/div>\n\t\t\t\t<\/div>\n\t\t\t\t<div class=\"elementor-element elementor-element-b837576 elementor-widget elementor-widget-heading\" data-id=\"b837576\" data-element_type=\"widget\" data-e-type=\"widget\" data-widget_type=\"heading.default\">\n\t\t\t\t<div class=\"elementor-widget-container\">\n\t\t\t\t\t<h4 class=\"elementor-heading-title elementor-size-default\">Gracias por permitirnos servirle.<\/h4>\t\t\t\t<\/div>\n\t\t\t\t<\/div>\n\t\t\t\t\t<\/div>\n\t\t<\/div>\n\t\t\t\t\t<\/div>\n\t\t<\/section>\n\t\t\t\t<section class=\"elementor-section elementor-top-section elementor-element elementor-element-6f14d2f1 elementor-reverse-mobile elementor-reverse-tablet elementor-section-boxed elementor-section-height-default elementor-section-height-default\" data-id=\"6f14d2f1\" data-element_type=\"section\" data-e-type=\"section\" data-settings=\"{&quot;background_background&quot;:&quot;gradient&quot;}\">\n\t\t\t\t\t\t\t<div class=\"elementor-background-overlay\"><\/div>\n\t\t\t\t\t\t\t<div class=\"elementor-container elementor-column-gap-default\">\n\t\t\t\t\t<div class=\"elementor-column elementor-col-100 elementor-top-column elementor-element elementor-element-760c8a31\" data-id=\"760c8a31\" data-element_type=\"column\" data-e-type=\"column\">\n\t\t\t<div class=\"elementor-widget-wrap elementor-element-populated\">\n\t\t\t\t\t\t<div class=\"elementor-element elementor-element-b891560 elementor-widget elementor-widget-heading\" data-id=\"b891560\" data-element_type=\"widget\" data-e-type=\"widget\" data-widget_type=\"heading.default\">\n\t\t\t\t<div class=\"elementor-widget-container\">\n\t\t\t\t\t<h4 class=\"elementor-heading-title elementor-size-default\">Cuando est\u00e9 listo para una empresa de equipos para el c\u00e9sped que trabaja duro<br> para hacerlo bien para usted todos los d\u00edas, en todo momento,\n<span class=\"yellows\">estamos aqu\u00ed por t\u00ed.\n<\/span><\/h4>\t\t\t\t<\/div>\n\t\t\t\t<\/div>\n\t\t\t\t\t<\/div>\n\t\t<\/div>\n\t\t\t\t\t<\/div>\n\t\t<\/section>\n\t\t\t\t<section class=\"elementor-section elementor-top-section elementor-element elementor-element-0189a4c elementor-reverse-mobile elementor-reverse-tablet elementor-section-boxed elementor-section-height-default elementor-section-height-default\" data-id=\"0189a4c\" data-element_type=\"section\" data-e-type=\"section\" data-settings=\"{&quot;background_background&quot;:&quot;classic&quot;}\">\n\t\t\t\t\t\t\t<div class=\"elementor-background-overlay\"><\/div>\n\t\t\t\t\t\t\t<div class=\"elementor-container elementor-column-gap-default\">\n\t\t\t\t\t<div class=\"elementor-column elementor-col-100 elementor-top-column elementor-element elementor-element-02be512\" data-id=\"02be512\" data-element_type=\"column\" data-e-type=\"column\">\n\t\t\t<div class=\"elementor-widget-wrap elementor-element-populated\">\n\t\t\t\t\t\t<section class=\"elementor-section elementor-inner-section elementor-element elementor-element-42b8850 elementor-reverse-mobile elementor-section-boxed elementor-section-height-default elementor-section-height-default\" data-id=\"42b8850\" data-element_type=\"section\" data-e-type=\"section\">\n\t\t\t\t\t\t<div class=\"elementor-container elementor-column-gap-wider\">\n\t\t\t\t\t<div class=\"elementor-column elementor-col-50 elementor-inner-column elementor-element elementor-element-c70b3ca\" data-id=\"c70b3ca\" data-element_type=\"column\" data-e-type=\"column\">\n\t\t\t<div class=\"elementor-widget-wrap elementor-element-populated\">\n\t\t\t\t\t\t<div class=\"elementor-element elementor-element-c803112 elementor-widget elementor-widget-image\" data-id=\"c803112\" data-element_type=\"widget\" data-e-type=\"widget\" data-widget_type=\"image.default\">\n\t\t\t\t<div class=\"elementor-widget-container\">\n\t\t\t\t\t\t\t\t\t\t\t\t\t\t\t<img loading=\"lazy\" decoding=\"async\" width=\"762\" height=\"1024\" src=\"https:\/\/oconnorslawn.com\/wp-content\/uploads\/2021\/02\/shaun_stihl_chainsaws-762x1024.jpg\" class=\"attachment-large size-large wp-image-5457\" alt=\"\" srcset=\"https:\/\/oconnorslawn.com\/wp-content\/uploads\/2021\/02\/shaun_stihl_chainsaws-762x1024.jpg 762w, https:\/\/oconnorslawn.com\/wp-content\/uploads\/2021\/02\/shaun_stihl_chainsaws-223x300.jpg 223w, https:\/\/oconnorslawn.com\/wp-content\/uploads\/2021\/02\/shaun_stihl_chainsaws-768x1032.jpg 768w, https:\/\/oconnorslawn.com\/wp-content\/uploads\/2021\/02\/shaun_stihl_chainsaws-9x12.jpg 9w, https:\/\/oconnorslawn.com\/wp-content\/uploads\/2021\/02\/shaun_stihl_chainsaws-300x403.jpg 300w, https:\/\/oconnorslawn.com\/wp-content\/uploads\/2021\/02\/shaun_stihl_chainsaws-700x941.jpg 700w, https:\/\/oconnorslawn.com\/wp-content\/uploads\/2021\/02\/shaun_stihl_chainsaws-64x86.jpg 64w, https:\/\/oconnorslawn.com\/wp-content\/uploads\/2021\/02\/shaun_stihl_chainsaws.jpg 893w\" sizes=\"auto, (max-width: 762px) 100vw, 762px\">\t\t\t\t\t\t\t\t\t\t\t\t\t\t\t<\/div>\n\t\t\t\t<\/div>\n\t\t\t\t\t<\/div>\n\t\t<\/div>\n\t\t\t\t<div class=\"elementor-column elementor-col-50 elementor-inner-column elementor-element elementor-element-d63d39a\" data-id=\"d63d39a\" data-element_type=\"column\" data-e-type=\"column\">\n\t\t\t<div class=\"elementor-widget-wrap elementor-element-populated\">\n\t\t\t\t\t\t<div class=\"elementor-element elementor-element-0b46528 elementor-widget elementor-widget-image\" data-id=\"0b46528\" data-element_type=\"widget\" data-e-type=\"widget\" data-widget_type=\"image.default\">\n\t\t\t\t<div class=\"elementor-widget-container\">\n\t\t\t\t\t\t\t\t\t\t\t\t\t\t\t<img loading=\"lazy\" decoding=\"async\" width=\"356\" height=\"91\" src=\"https:\/\/oconnorslawn.com\/wp-content\/uploads\/2021\/01\/oconnors-lawn-equipment.png\" class=\"attachment-full size-full wp-image-38\" alt=\"\" srcset=\"https:\/\/oconnorslawn.com\/wp-content\/uploads\/2021\/01\/oconnors-lawn-equipment.png 356w, https:\/\/oconnorslawn.com\/wp-content\/uploads\/2021\/01\/oconnors-lawn-equipment-300x77.png 300w, https:\/\/oconnorslawn.com\/wp-content\/uploads\/2021\/01\/oconnors-lawn-equipment-18x5.png 18w, https:\/\/oconnorslawn.com\/wp-content\/uploads\/2021\/01\/oconnors-lawn-equipment-64x16.png 64w\" sizes=\"auto, (max-width: 356px) 100vw, 356px\">\t\t\t\t\t\t\t\t\t\t\t\t\t\t\t<\/div>\n\t\t\t\t<\/div>\n\t\t\t\t<div class=\"elementor-element elementor-element-aa14359 elementor-widget-divider--view-line elementor-widget elementor-widget-divider\" data-id=\"aa14359\" data-element_type=\"widget\" data-e-type=\"widget\" data-widget_type=\"divider.default\">\n\t\t\t\t<div class=\"elementor-widget-container\">\n\t\t\t\t\t\t\t<div class=\"elementor-divider\">\n\t\t\t<span class=\"elementor-divider-separator\">\n\t\t\t\t\t\t<\/span>\n\t\t<\/div>\n\t\t\t\t\t\t<\/div>\n\t\t\t\t<\/div>\n\t\t\t\t<div class=\"elementor-element elementor-element-7099f12 elementor-widget elementor-widget-heading\" data-id=\"7099f12\" data-element_type=\"widget\" data-e-type=\"widget\" data-widget_type=\"heading.default\">\n\t\t\t\t<div class=\"elementor-widget-container\">\n\t\t\t\t\t<h4 class=\"elementor-heading-title elementor-size-default\">Informaci\u00f3n de garant\u00eda<\/h4>\t\t\t\t<\/div>\n\t\t\t\t<\/div>\n\t\t\t\t<div class=\"elementor-element elementor-element-6ad866f elementor-widget elementor-widget-heading\" data-id=\"6ad866f\" data-element_type=\"widget\" data-e-type=\"widget\" data-widget_type=\"heading.default\">\n\t\t\t\t<div class=\"elementor-widget-container\">\n\t\t\t\t\t<h5 class=\"elementor-heading-title elementor-size-default\"><p dir=\"ltr\" style=\"margin-top: 0pt;margin-bottom: 0pt;line-height: 1.38\">Defectos del fabricante<span style=\"color: inherit;font-family: inherit;font-size: 1.3rem\"><\/span><\/p><\/h5>\t\t\t\t<\/div>\n\t\t\t\t<\/div>\n\t\t\t\t<div class=\"elementor-element elementor-element-8576e51 elementor-widget elementor-widget-text-editor\" data-id=\"8576e51\" data-element_type=\"widget\" data-e-type=\"widget\" data-widget_type=\"text-editor.default\">\n\t\t\t\t<div class=\"elementor-widget-container\">\n\t\t\t\t\t\t\t\t\t<p dir=\"ltr\" style=\"line-height: 1.38; margin-top: 0pt; margin-bottom: 0pt;\"><span style=\"background-color: transparent; color: #000000; font-family: 'Century Gothic', sans-serif; font-size: 12pt; white-space: pre-wrap;\">La cobertura de la garant\u00eda se refiere a defectos del fabricante en materiales y mano de obra. Todas las garant\u00edas comienzan a partir de la fecha de compra para el usuario. Cada fabricante se reserva el derecho de inspeccionar la m\u00e1quina y las piezas enviadas para reparaci\u00f3n bajo garant\u00eda para determinar la validez de la reclamaci\u00f3n. Los gastos de transporte (recogida y entrega, flete de las piezas) para procesar las reclamaciones de garant\u00eda no son reembolsables. Quedan excluidos los da\u00f1os resultantes del env\u00edo, uso inadecuado, accidentes, falla en el funcionamiento o mantenimiento de la unidad seg\u00fan las instrucciones del manual del operador.<\/span><\/p>\t\t\t\t\t\t\t\t<\/div>\n\t\t\t\t<\/div>\n\t\t\t\t<div class=\"elementor-element elementor-element-2ab55c0 elementor-widget-divider--view-line elementor-widget elementor-widget-divider\" data-id=\"2ab55c0\" data-element_type=\"widget\" data-e-type=\"widget\" data-widget_type=\"divider.default\">\n\t\t\t\t<div class=\"elementor-widget-container\">\n\t\t\t\t\t\t\t<div class=\"elementor-divider\">\n\t\t\t<span class=\"elementor-divider-separator\">\n\t\t\t\t\t\t<\/span>\n\t\t<\/div>\n\t\t\t\t\t\t<\/div>\n\t\t\t\t<\/div>\n\t\t\t\t<div class=\"elementor-element elementor-element-9f34429 elementor-widget elementor-widget-heading\" data-id=\"9f34429\" data-element_type=\"widget\" data-e-type=\"widget\" data-widget_type=\"heading.default\">\n\t\t\t\t<div class=\"elementor-widget-container\">\n\t\t\t\t\t<h5 class=\"elementor-heading-title elementor-size-default\">Uso y desgaste normal<\/h5>\t\t\t\t<\/div>\n\t\t\t\t<\/div>\n\t\t\t\t<div class=\"elementor-element elementor-element-1cfc160 elementor-widget elementor-widget-text-editor\" data-id=\"1cfc160\" data-element_type=\"widget\" data-e-type=\"widget\" data-widget_type=\"text-editor.default\">\n\t\t\t\t<div class=\"elementor-widget-container\">\n\t\t\t\t\t\t\t\t\t<span style=\"color: #000000; font-family: Century Gothic, sans-serif;\"><span style=\"font-size: 16px; white-space: pre-wrap;\">Los componentes sujetos a desgaste tales como correas, cojinetes, cuchillas, cremalleras, ruedas, mangueras, revestimientos, cables y otros que no figuran en la lista pero que el fabricante considera como tales, no se incluyen a menos que se demuestre que el defecto del fabricante causa una falla prematura. La falla prematura se considera alrededor de 90 d\u00edas o menos. El mantenimiento y los ajustes normales son responsabilidad del usuario y no est\u00e1n cubiertos por la garant\u00eda. Las reparaciones y \/ o el mantenimiento realizados por personas o distribuidores no autorizados, as\u00ed como las piezas o accesorios no autorizados no suministrados por el fabricante, pierden inmediatamente la cobertura de la garant\u00eda.<\/span><\/span>\t\t\t\t\t\t\t\t<\/div>\n\t\t\t\t<\/div>\n\t\t\t\t<div class=\"elementor-element elementor-element-2b88c0d elementor-widget-divider--view-line elementor-widget elementor-widget-divider\" data-id=\"2b88c0d\" data-element_type=\"widget\" data-e-type=\"widget\" data-widget_type=\"divider.default\">\n\t\t\t\t<div class=\"elementor-widget-container\">\n\t\t\t\t\t\t\t<div class=\"elementor-divider\">\n\t\t\t<span class=\"elementor-divider-separator\">\n\t\t\t\t\t\t<\/span>\n\t\t<\/div>\n\t\t\t\t\t\t<\/div>\n\t\t\t\t<\/div>\n\t\t\t\t<div class=\"elementor-element elementor-element-e1c0150 elementor-widget elementor-widget-heading\" data-id=\"e1c0150\" data-element_type=\"widget\" data-e-type=\"widget\" data-widget_type=\"heading.default\">\n\t\t\t\t<div class=\"elementor-widget-container\">\n\t\t\t\t\t<h5 class=\"elementor-heading-title elementor-size-default\">Solicitar servicio<\/h5>\t\t\t\t<\/div>\n\t\t\t\t<\/div>\n\t\t\t\t<div class=\"elementor-element elementor-element-bd6626a elementor-widget elementor-widget-text-editor\" data-id=\"bd6626a\" data-element_type=\"widget\" data-e-type=\"widget\" data-widget_type=\"text-editor.default\">\n\t\t\t\t<div class=\"elementor-widget-container\">\n\t\t\t\t\t\t\t\t\t<span style=\"color: #000000; font-family: Century Gothic, sans-serif;\"><span style=\"font-size: 16px; white-space: pre-wrap;\">Para solicitar el servicio de garant\u00eda, consulte el manual del operador para conocer el procedimiento adecuado y lleve la m\u00e1quina al distribuidor al que se la compr\u00f3 oa un distribuidor de servicio autorizado del fabricante.\t\t\t\t\t\t\t\t<\/div>\n\t\t\t\t<\/div>\n\t\t\t\t<div class=\"elementor-element elementor-element-2ed05e7 elementor-widget-divider--view-line elementor-widget elementor-widget-divider\" data-id=\"2ed05e7\" data-element_type=\"widget\" data-e-type=\"widget\" data-widget_type=\"divider.default\">\n\t\t\t\t<div class=\"elementor-widget-container\">\n\t\t\t\t\t\t\t<div class=\"elementor-divider\">\n\t\t\t<span class=\"elementor-divider-separator\">\n\t\t\t\t\t\t<\/span>\n\t\t<\/div>\n\t\t\t\t\t\t<\/div>\n\t\t\t\t<\/div>\n\t\t\t\t\t<\/div>\n\t\t<\/div>\n\t\t\t\t\t<\/div>\n\t\t<\/section>\n\t\t\t\t\t<\/div>\n\t\t<\/div>\n\t\t\t\t\t<\/div>\n\t\t<\/section>\n\t\t\t\t<\/div>","protected":false},"excerpt":{"rendered":"<p>O\u2019Connor\u2019s offers the best brands in Lawn &amp; Garden Equipment and the areas best Service Team to test and maintain them. The trusted name in OK Lawn Care since 1948. Thank you for allowing us to serve you. When you are ready for a lawn equipment company who works hard to make it right for [&hellip;]<\/p>\n","protected":false},"author":2,"featured_media":0,"parent":0,"menu_order":0,"comment_status":"closed","ping_status":"closed","template":"","meta":{"_acf_changed":false,"footnotes":""},"class_list":["post-6139","page","type-page","status-publish","hentry"],"acf":[],"_links":{"self":[{"href":"https:\/\/oconnorslawn.com\/es\/wp-json\/wp\/v2\/pages\/6139","targetHints":{"allow":["GET"]}}],"collection":[{"href":"https:\/\/oconnorslawn.com\/es\/wp-json\/wp\/v2\/pages"}],"about":[{"href":"https:\/\/oconnorslawn.com\/es\/wp-json\/wp\/v2\/types\/page"}],"author":[{"embeddable":true,"href":"https:\/\/oconnorslawn.com\/es\/wp-json\/wp\/v2\/users\/2"}],"replies":[{"embeddable":true,"href":"https:\/\/oconnorslawn.com\/es\/wp-json\/wp\/v2\/comments?post=6139"}],"version-history":[{"count":17,"href":"https:\/\/oconnorslawn.com\/es\/wp-json\/wp\/v2\/pages\/6139\/revisions"}],"predecessor-version":[{"id":7178,"href":"https:\/\/oconnorslawn.com\/es\/wp-json\/wp\/v2\/pages\/6139\/revisions\/7178"}],"wp:attachment":[{"href":"https:\/\/oconnorslawn.com\/es\/wp-json\/wp\/v2\/media?parent=6139"}],"curies":[{"name":"wp","href":"https:\/\/api.w.org\/{rel}","templated":true}]}}