{"id":1677,"date":"2021-05-23T19:53:05","date_gmt":"2021-05-24T00:53:05","guid":{"rendered":"https:\/\/oconnorslawn.com\/shop\/uncategorized\/toro-75747-zero-turn\/"},"modified":"2026-01-21T12:20:07","modified_gmt":"2026-01-21T18:20:07","slug":"toro-75747-zero-turn","status":"publish","type":"product","link":"https:\/\/oconnorslawn.com\/es\/mowers\/zero-turn\/toro-75747-zero-turn\/","title":{"rendered":"Toro 75747 giro cero"},"content":{"rendered":"<ul>\n<li>Duro en los trabajos, f\u00e1cil en las espaldas: el sistema de suspensi\u00f3n MyRIDE de Toro absorbe los golpes para que pueda aplastar los trabajos c\u00f3modamente m\u00e1s r\u00e1pido.<\/li>\n<li>M\u00e1s tiempo para usted: corte el c\u00e9sped en la mitad del tiempo con la direcci\u00f3n de giro cero.<\/li>\n<li>Ahorro de espacio: la plataforma de 42 \u201dsignifica una mejor maniobrabilidad para puertas y espacios reducidos.<\/li>\n<li>Elija su ritmo: usted controla la velocidad de corte con Personal Pace\u00ae.<\/li>\n<\/ul>","protected":false},"excerpt":{"rendered":"<p>Cortac\u00e9sped de giro cero TimeCutter\u00ae MyRIDE\u00ae de 42 \u2033<\/p>","protected":false},"featured_media":10284,"template":"","meta":{"_acf_changed":false},"product_brand":[616],"product_cat":[16],"product_tag":[154,73,157,74,151,55,103,72,163,108,153,155,166,148,80,152,150,94],"cut_width":[],"grade":[],"style":[],"yard_size":[],"engine_brand":[],"blades":[],"transmission":[],"seat_type":[],"mulch_kit":[],"bagger_compatible":[],"discharge":[],"start_type":[],"drive_type":[],"power_type":[],"bar_length":[],"handle_type":[],"class_list":{"0":"post-1677","1":"product","2":"type-product","3":"status-publish","4":"has-post-thumbnail","6":"product_brand-toro","7":"product_cat-zero-turn","8":"product_tag-1-5-acres","9":"product_tag-3-blades","10":"product_tag-157","11":"product_tag-bagger-compatible","12":"product_tag-fabricated-deck","13":"product_tag-kohler-engine","14":"product_tag-mower","15":"product_tag-mulch-kit-compatible","16":"product_tag-myride","17":"product_tag-residential","18":"product_tag-riding","19":"product_tag-smart-speed","20":"product_tag-suspension","21":"product_tag-timecutter","22":"product_tag-toro","23":"product_tag-under-4000","24":"product_tag-v-twin","25":"product_tag-zero-turn","27":"first","28":"instock","29":"taxable","30":"shipping-taxable","31":"product-type-simple"},"acf":[],"_links":{"self":[{"href":"https:\/\/oconnorslawn.com\/es\/wp-json\/wp\/v2\/product\/1677","targetHints":{"allow":["GET"]}}],"collection":[{"href":"https:\/\/oconnorslawn.com\/es\/wp-json\/wp\/v2\/product"}],"about":[{"href":"https:\/\/oconnorslawn.com\/es\/wp-json\/wp\/v2\/types\/product"}],"version-history":[{"count":4,"href":"https:\/\/oconnorslawn.com\/es\/wp-json\/wp\/v2\/product\/1677\/revisions"}],"predecessor-version":[{"id":13413,"href":"https:\/\/oconnorslawn.com\/es\/wp-json\/wp\/v2\/product\/1677\/revisions\/13413"}],"wp:featuredmedia":[{"embeddable":true,"href":"https:\/\/oconnorslawn.com\/es\/wp-json\/wp\/v2\/media\/10284"}],"wp:attachment":[{"href":"https:\/\/oconnorslawn.com\/es\/wp-json\/wp\/v2\/media?parent=1677"}],"wp:term":[{"taxonomy":"product_brand","embeddable":true,"href":"https:\/\/oconnorslawn.com\/es\/wp-json\/wp\/v2\/product_brand?post=1677"},{"taxonomy":"product_cat","embeddable":true,"href":"https:\/\/oconnorslawn.com\/es\/wp-json\/wp\/v2\/product_cat?post=1677"},{"taxonomy":"product_tag","embeddable":true,"href":"https:\/\/oconnorslawn.com\/es\/wp-json\/wp\/v2\/product_tag?post=1677"},{"taxonomy":"cut_width","embeddable":true,"href":"https:\/\/oconnorslawn.com\/es\/wp-json\/wp\/v2\/cut_width?post=1677"},{"taxonomy":"grade","embeddable":true,"href":"https:\/\/oconnorslawn.com\/es\/wp-json\/wp\/v2\/grade?post=1677"},{"taxonomy":"style","embeddable":true,"href":"https:\/\/oconnorslawn.com\/es\/wp-json\/wp\/v2\/style?post=1677"},{"taxonomy":"yard_size","embeddable":true,"href":"https:\/\/oconnorslawn.com\/es\/wp-json\/wp\/v2\/yard_size?post=1677"},{"taxonomy":"engine_brand","embeddable":true,"href":"https:\/\/oconnorslawn.com\/es\/wp-json\/wp\/v2\/engine_brand?post=1677"},{"taxonomy":"blades","embeddable":true,"href":"https:\/\/oconnorslawn.com\/es\/wp-json\/wp\/v2\/blades?post=1677"},{"taxonomy":"transmission","embeddable":true,"href":"https:\/\/oconnorslawn.com\/es\/wp-json\/wp\/v2\/transmission?post=1677"},{"taxonomy":"seat_type","embeddable":true,"href":"https:\/\/oconnorslawn.com\/es\/wp-json\/wp\/v2\/seat_type?post=1677"},{"taxonomy":"mulch_kit","embeddable":true,"href":"https:\/\/oconnorslawn.com\/es\/wp-json\/wp\/v2\/mulch_kit?post=1677"},{"taxonomy":"bagger_compatible","embeddable":true,"href":"https:\/\/oconnorslawn.com\/es\/wp-json\/wp\/v2\/bagger_compatible?post=1677"},{"taxonomy":"discharge","embeddable":true,"href":"https:\/\/oconnorslawn.com\/es\/wp-json\/wp\/v2\/discharge?post=1677"},{"taxonomy":"start_type","embeddable":true,"href":"https:\/\/oconnorslawn.com\/es\/wp-json\/wp\/v2\/start_type?post=1677"},{"taxonomy":"drive_type","embeddable":true,"href":"https:\/\/oconnorslawn.com\/es\/wp-json\/wp\/v2\/drive_type?post=1677"},{"taxonomy":"power_type","embeddable":true,"href":"https:\/\/oconnorslawn.com\/es\/wp-json\/wp\/v2\/power_type?post=1677"},{"taxonomy":"bar_length","embeddable":true,"href":"https:\/\/oconnorslawn.com\/es\/wp-json\/wp\/v2\/bar_length?post=1677"},{"taxonomy":"handle_type","embeddable":true,"href":"https:\/\/oconnorslawn.com\/es\/wp-json\/wp\/v2\/handle_type?post=1677"}],"curies":[{"name":"wp","href":"https:\/\/api.w.org\/{rel}","templated":true}]}}