{"id":1750,"date":"2021-05-23T20:02:08","date_gmt":"2021-05-24T01:02:08","guid":{"rendered":"https:\/\/oconnorslawn.com\/shop\/uncategorized\/ferris-5901547-zero-turn\/"},"modified":"2026-01-21T11:56:05","modified_gmt":"2026-01-21T17:56:05","slug":"ferris-5901940-zero-turn","status":"publish","type":"product","link":"https:\/\/oconnorslawn.com\/es\/mowers\/zero-turn\/ferris-5901940-zero-turn\/","title":{"rendered":"Ferris 5901940 Zero Turn"},"content":{"rendered":"<p>El SRS \u2122 Z1 es el hermano peque\u00f1o del cortac\u00e9sped SRS Z2 m\u00e1s grande. Disfrute de todas las capacidades de mayor escala, en un paquete compacto completo con tecnolog\u00eda de suspensi\u00f3n y la plataforma del operador ajustable para mayor facilidad y gran calidad.<\/p>\n<ul>\n<li>Eficiencia: ancho de corte superior de 48 \u201d<\/li>\n<li>Ferris Power: 23 CV de potencia m\u00e1xima *<\/li>\n<li>M\u00e1s tiempo para usted: velocidad m\u00e1xima de avance de 8 MPH<\/li>\n<li>Hecho para durar: garant\u00eda limitada de 4 a\u00f1os<\/li>\n<\/ul>","protected":false},"excerpt":{"rendered":"<p>Cortac\u00e9spedes de conductor sentado SRS \u2122 Z1 Soft Ride<\/p>","protected":false},"featured_media":10445,"template":"","meta":{"_acf_changed":false},"product_brand":[617],"product_cat":[16],"product_tag":[631,70,191,99,61,62,169,103,72,100,665,214,98],"cut_width":[],"grade":[],"style":[],"yard_size":[],"engine_brand":[],"blades":[],"transmission":[],"seat_type":[],"mulch_kit":[],"bagger_compatible":[],"discharge":[],"start_type":[],"drive_type":[],"power_type":[],"bar_length":[],"handle_type":[],"class_list":{"0":"post-1750","1":"product","2":"type-product","3":"status-publish","4":"has-post-thumbnail","6":"product_brand-ferris","7":"product_cat-zero-turn","8":"product_tag-631","9":"product_tag-70","10":"product_tag-191","11":"product_tag-blades","12":"product_tag-commercial","13":"product_tag-ferris","14":"product_tag-kawasaki-engine","15":"product_tag-mower","16":"product_tag-mulch-kit-compatible","17":"product_tag-serviceable-transmission","18":"product_tag-srs-z1","19":"product_tag-stand-on","20":"product_tag-stand-on-1-5-acres","22":"first","23":"instock","24":"featured","25":"taxable","26":"shipping-taxable","27":"product-type-simple"},"acf":[],"_links":{"self":[{"href":"https:\/\/oconnorslawn.com\/es\/wp-json\/wp\/v2\/product\/1750","targetHints":{"allow":["GET"]}}],"collection":[{"href":"https:\/\/oconnorslawn.com\/es\/wp-json\/wp\/v2\/product"}],"about":[{"href":"https:\/\/oconnorslawn.com\/es\/wp-json\/wp\/v2\/types\/product"}],"version-history":[{"count":5,"href":"https:\/\/oconnorslawn.com\/es\/wp-json\/wp\/v2\/product\/1750\/revisions"}],"predecessor-version":[{"id":13944,"href":"https:\/\/oconnorslawn.com\/es\/wp-json\/wp\/v2\/product\/1750\/revisions\/13944"}],"wp:featuredmedia":[{"embeddable":true,"href":"https:\/\/oconnorslawn.com\/es\/wp-json\/wp\/v2\/media\/10445"}],"wp:attachment":[{"href":"https:\/\/oconnorslawn.com\/es\/wp-json\/wp\/v2\/media?parent=1750"}],"wp:term":[{"taxonomy":"product_brand","embeddable":true,"href":"https:\/\/oconnorslawn.com\/es\/wp-json\/wp\/v2\/product_brand?post=1750"},{"taxonomy":"product_cat","embeddable":true,"href":"https:\/\/oconnorslawn.com\/es\/wp-json\/wp\/v2\/product_cat?post=1750"},{"taxonomy":"product_tag","embeddable":true,"href":"https:\/\/oconnorslawn.com\/es\/wp-json\/wp\/v2\/product_tag?post=1750"},{"taxonomy":"cut_width","embeddable":true,"href":"https:\/\/oconnorslawn.com\/es\/wp-json\/wp\/v2\/cut_width?post=1750"},{"taxonomy":"grade","embeddable":true,"href":"https:\/\/oconnorslawn.com\/es\/wp-json\/wp\/v2\/grade?post=1750"},{"taxonomy":"style","embeddable":true,"href":"https:\/\/oconnorslawn.com\/es\/wp-json\/wp\/v2\/style?post=1750"},{"taxonomy":"yard_size","embeddable":true,"href":"https:\/\/oconnorslawn.com\/es\/wp-json\/wp\/v2\/yard_size?post=1750"},{"taxonomy":"engine_brand","embeddable":true,"href":"https:\/\/oconnorslawn.com\/es\/wp-json\/wp\/v2\/engine_brand?post=1750"},{"taxonomy":"blades","embeddable":true,"href":"https:\/\/oconnorslawn.com\/es\/wp-json\/wp\/v2\/blades?post=1750"},{"taxonomy":"transmission","embeddable":true,"href":"https:\/\/oconnorslawn.com\/es\/wp-json\/wp\/v2\/transmission?post=1750"},{"taxonomy":"seat_type","embeddable":true,"href":"https:\/\/oconnorslawn.com\/es\/wp-json\/wp\/v2\/seat_type?post=1750"},{"taxonomy":"mulch_kit","embeddable":true,"href":"https:\/\/oconnorslawn.com\/es\/wp-json\/wp\/v2\/mulch_kit?post=1750"},{"taxonomy":"bagger_compatible","embeddable":true,"href":"https:\/\/oconnorslawn.com\/es\/wp-json\/wp\/v2\/bagger_compatible?post=1750"},{"taxonomy":"discharge","embeddable":true,"href":"https:\/\/oconnorslawn.com\/es\/wp-json\/wp\/v2\/discharge?post=1750"},{"taxonomy":"start_type","embeddable":true,"href":"https:\/\/oconnorslawn.com\/es\/wp-json\/wp\/v2\/start_type?post=1750"},{"taxonomy":"drive_type","embeddable":true,"href":"https:\/\/oconnorslawn.com\/es\/wp-json\/wp\/v2\/drive_type?post=1750"},{"taxonomy":"power_type","embeddable":true,"href":"https:\/\/oconnorslawn.com\/es\/wp-json\/wp\/v2\/power_type?post=1750"},{"taxonomy":"bar_length","embeddable":true,"href":"https:\/\/oconnorslawn.com\/es\/wp-json\/wp\/v2\/bar_length?post=1750"},{"taxonomy":"handle_type","embeddable":true,"href":"https:\/\/oconnorslawn.com\/es\/wp-json\/wp\/v2\/handle_type?post=1750"}],"curies":[{"name":"wp","href":"https:\/\/api.w.org\/{rel}","templated":true}]}}