{"id":1796,"date":"2021-05-23T20:06:39","date_gmt":"2021-05-24T01:06:39","guid":{"rendered":"https:\/\/oconnorslawn.com\/shop\/uncategorized\/ferris-5901776-zero-turn\/"},"modified":"2026-03-03T23:20:59","modified_gmt":"2026-03-04T05:20:59","slug":"ferris-5901911-zero-turn","status":"publish","type":"product","link":"https:\/\/oconnorslawn.com\/es\/mowers\/zero-turn\/ferris-5901911-zero-turn\/","title":{"rendered":"Ferris 5901911 Zero Turn"},"content":{"rendered":"<p>Professional&#039;s Choice: esta cortadora de c\u00e9sped incluye tecnolog\u00eda de suspensi\u00f3n patentada, el sistema de transmisi\u00f3n Hydro-Gear\u00ae de la m\u00e1s alta calidad y una velocidad m\u00e1xima de 10 mph. Te encantar\u00e1 la m\u00e1xima agilidad para atacar espacios reducidos con facilidad.<\/p>","protected":false},"excerpt":{"rendered":"<p>IS\u00ae 600Z<\/p>","protected":false},"featured_media":10503,"template":"","meta":{"_acf_changed":false},"product_brand":[617],"product_cat":[16],"product_tag":[154,73,199,232,74,107,61,62,980,981,169,72,229,694,94,979],"cut_width":[689],"grade":[675,971],"style":[647,686],"yard_size":[932,731,715,737,710],"engine_brand":[687],"blades":[],"transmission":[],"seat_type":[],"mulch_kit":[],"bagger_compatible":[],"discharge":[],"start_type":[],"drive_type":[],"power_type":[],"bar_length":[],"handle_type":[],"class_list":{"0":"post-1796","1":"product","2":"type-product","3":"status-publish","4":"has-post-thumbnail","6":"product_brand-ferris","7":"product_cat-zero-turn","8":"product_tag-1-5-acres","9":"product_tag-3-blades","10":"product_tag-199","11":"product_tag-600z","12":"product_tag-bagger-compatible","13":"product_tag-briggs-engine","14":"product_tag-commercial","15":"product_tag-ferris","16":"product_tag-ferris-zero-turn","17":"product_tag-ferris-zero-turns","18":"product_tag-kawasaki-engine","19":"product_tag-mulch-kit-compatible","20":"product_tag-riding-lawn-mower","21":"product_tag-under-9000","22":"product_tag-zero-turn","23":"product_tag-zero-turns","24":"cut_width-689","25":"grade-homeowner","26":"grade-homeowner-or-professional","27":"style-riding","28":"style-zero-turn","29":"yard_size-1-acre","30":"yard_size-1-2-acres","31":"yard_size-1-2-acres-2-3-acres","32":"yard_size-1-3-acres","33":"yard_size-2-3-acres","34":"engine_brand-kawasaki","36":"first","37":"instock","38":"taxable","39":"shipping-taxable","40":"product-type-simple"},"acf":[],"_links":{"self":[{"href":"https:\/\/oconnorslawn.com\/es\/wp-json\/wp\/v2\/product\/1796","targetHints":{"allow":["GET"]}}],"collection":[{"href":"https:\/\/oconnorslawn.com\/es\/wp-json\/wp\/v2\/product"}],"about":[{"href":"https:\/\/oconnorslawn.com\/es\/wp-json\/wp\/v2\/types\/product"}],"version-history":[{"count":4,"href":"https:\/\/oconnorslawn.com\/es\/wp-json\/wp\/v2\/product\/1796\/revisions"}],"predecessor-version":[{"id":14029,"href":"https:\/\/oconnorslawn.com\/es\/wp-json\/wp\/v2\/product\/1796\/revisions\/14029"}],"wp:featuredmedia":[{"embeddable":true,"href":"https:\/\/oconnorslawn.com\/es\/wp-json\/wp\/v2\/media\/10503"}],"wp:attachment":[{"href":"https:\/\/oconnorslawn.com\/es\/wp-json\/wp\/v2\/media?parent=1796"}],"wp:term":[{"taxonomy":"product_brand","embeddable":true,"href":"https:\/\/oconnorslawn.com\/es\/wp-json\/wp\/v2\/product_brand?post=1796"},{"taxonomy":"product_cat","embeddable":true,"href":"https:\/\/oconnorslawn.com\/es\/wp-json\/wp\/v2\/product_cat?post=1796"},{"taxonomy":"product_tag","embeddable":true,"href":"https:\/\/oconnorslawn.com\/es\/wp-json\/wp\/v2\/product_tag?post=1796"},{"taxonomy":"cut_width","embeddable":true,"href":"https:\/\/oconnorslawn.com\/es\/wp-json\/wp\/v2\/cut_width?post=1796"},{"taxonomy":"grade","embeddable":true,"href":"https:\/\/oconnorslawn.com\/es\/wp-json\/wp\/v2\/grade?post=1796"},{"taxonomy":"style","embeddable":true,"href":"https:\/\/oconnorslawn.com\/es\/wp-json\/wp\/v2\/style?post=1796"},{"taxonomy":"yard_size","embeddable":true,"href":"https:\/\/oconnorslawn.com\/es\/wp-json\/wp\/v2\/yard_size?post=1796"},{"taxonomy":"engine_brand","embeddable":true,"href":"https:\/\/oconnorslawn.com\/es\/wp-json\/wp\/v2\/engine_brand?post=1796"},{"taxonomy":"blades","embeddable":true,"href":"https:\/\/oconnorslawn.com\/es\/wp-json\/wp\/v2\/blades?post=1796"},{"taxonomy":"transmission","embeddable":true,"href":"https:\/\/oconnorslawn.com\/es\/wp-json\/wp\/v2\/transmission?post=1796"},{"taxonomy":"seat_type","embeddable":true,"href":"https:\/\/oconnorslawn.com\/es\/wp-json\/wp\/v2\/seat_type?post=1796"},{"taxonomy":"mulch_kit","embeddable":true,"href":"https:\/\/oconnorslawn.com\/es\/wp-json\/wp\/v2\/mulch_kit?post=1796"},{"taxonomy":"bagger_compatible","embeddable":true,"href":"https:\/\/oconnorslawn.com\/es\/wp-json\/wp\/v2\/bagger_compatible?post=1796"},{"taxonomy":"discharge","embeddable":true,"href":"https:\/\/oconnorslawn.com\/es\/wp-json\/wp\/v2\/discharge?post=1796"},{"taxonomy":"start_type","embeddable":true,"href":"https:\/\/oconnorslawn.com\/es\/wp-json\/wp\/v2\/start_type?post=1796"},{"taxonomy":"drive_type","embeddable":true,"href":"https:\/\/oconnorslawn.com\/es\/wp-json\/wp\/v2\/drive_type?post=1796"},{"taxonomy":"power_type","embeddable":true,"href":"https:\/\/oconnorslawn.com\/es\/wp-json\/wp\/v2\/power_type?post=1796"},{"taxonomy":"bar_length","embeddable":true,"href":"https:\/\/oconnorslawn.com\/es\/wp-json\/wp\/v2\/bar_length?post=1796"},{"taxonomy":"handle_type","embeddable":true,"href":"https:\/\/oconnorslawn.com\/es\/wp-json\/wp\/v2\/handle_type?post=1796"}],"curies":[{"name":"wp","href":"https:\/\/api.w.org\/{rel}","templated":true}]}}