{"id":1808,"date":"2021-05-23T20:10:02","date_gmt":"2021-05-24T01:10:02","guid":{"rendered":"https:\/\/oconnorslawn.com\/shop\/uncategorized\/ferris-5901872-zero-turn\/"},"modified":"2026-01-21T11:54:17","modified_gmt":"2026-01-21T17:54:17","slug":"ferris-5902145-zero-turn","status":"publish","type":"product","link":"https:\/\/oconnorslawn.com\/es\/mowers\/zero-turn\/ferris-5902145-zero-turn\/","title":{"rendered":"Ferris 5902145 Zero Turn"},"content":{"rendered":"<p>M\u00e1s potencia, m\u00e1s productividad. El ISX 3300 ETC cuenta con un control electr\u00f3nico del acelerador y ruedas antipinchazos con suspensi\u00f3n Forefront \u2122 para el sistema de suspensi\u00f3n m\u00e1s avanzado disponible. Si se enfrenta a c\u00e9sped largo y denso, no querr\u00e1 utilizar nada m\u00e1s que esta podadora.<\/p>","protected":false},"excerpt":{"rendered":"<p>ISX \u2122 3300 ETC<\/p>","protected":false},"featured_media":10545,"template":"","meta":{"_acf_changed":false},"product_brand":[617],"product_cat":[16],"product_tag":[69,70,73,71,663,664,74,65,67,63,66,61,68,62,60,72,64],"cut_width":[],"grade":[],"style":[],"yard_size":[],"engine_brand":[],"blades":[],"transmission":[],"seat_type":[],"mulch_kit":[],"bagger_compatible":[],"discharge":[],"start_type":[],"drive_type":[],"power_type":[],"bar_length":[],"handle_type":[],"class_list":{"0":"post-1808","1":"product","2":"type-product","3":"status-publish","4":"has-post-thumbnail","6":"product_brand-ferris","7":"product_cat-zero-turn","8":"product_tag-69","9":"product_tag-70","10":"product_tag-3-blades","11":"product_tag-5-acres","12":"product_tag-663","13":"product_tag-72-deck","14":"product_tag-bagger-compatible","15":"product_tag-big-block-efi","16":"product_tag-brigg-and-stratton-vanguard-engine","17":"product_tag-briggs-stratton-vanguard-engine","18":"product_tag-briggs-efi","19":"product_tag-commercial","20":"product_tag-efi-engine","21":"product_tag-ferris","22":"product_tag-isx3300-riding-lawn-mower","23":"product_tag-mulch-kit-compatible","24":"product_tag-vanguard","26":"first","27":"instock","28":"taxable","29":"shipping-taxable","30":"product-type-simple"},"acf":[],"_links":{"self":[{"href":"https:\/\/oconnorslawn.com\/es\/wp-json\/wp\/v2\/product\/1808","targetHints":{"allow":["GET"]}}],"collection":[{"href":"https:\/\/oconnorslawn.com\/es\/wp-json\/wp\/v2\/product"}],"about":[{"href":"https:\/\/oconnorslawn.com\/es\/wp-json\/wp\/v2\/types\/product"}],"version-history":[{"count":12,"href":"https:\/\/oconnorslawn.com\/es\/wp-json\/wp\/v2\/product\/1808\/revisions"}],"predecessor-version":[{"id":14019,"href":"https:\/\/oconnorslawn.com\/es\/wp-json\/wp\/v2\/product\/1808\/revisions\/14019"}],"wp:featuredmedia":[{"embeddable":true,"href":"https:\/\/oconnorslawn.com\/es\/wp-json\/wp\/v2\/media\/10545"}],"wp:attachment":[{"href":"https:\/\/oconnorslawn.com\/es\/wp-json\/wp\/v2\/media?parent=1808"}],"wp:term":[{"taxonomy":"product_brand","embeddable":true,"href":"https:\/\/oconnorslawn.com\/es\/wp-json\/wp\/v2\/product_brand?post=1808"},{"taxonomy":"product_cat","embeddable":true,"href":"https:\/\/oconnorslawn.com\/es\/wp-json\/wp\/v2\/product_cat?post=1808"},{"taxonomy":"product_tag","embeddable":true,"href":"https:\/\/oconnorslawn.com\/es\/wp-json\/wp\/v2\/product_tag?post=1808"},{"taxonomy":"cut_width","embeddable":true,"href":"https:\/\/oconnorslawn.com\/es\/wp-json\/wp\/v2\/cut_width?post=1808"},{"taxonomy":"grade","embeddable":true,"href":"https:\/\/oconnorslawn.com\/es\/wp-json\/wp\/v2\/grade?post=1808"},{"taxonomy":"style","embeddable":true,"href":"https:\/\/oconnorslawn.com\/es\/wp-json\/wp\/v2\/style?post=1808"},{"taxonomy":"yard_size","embeddable":true,"href":"https:\/\/oconnorslawn.com\/es\/wp-json\/wp\/v2\/yard_size?post=1808"},{"taxonomy":"engine_brand","embeddable":true,"href":"https:\/\/oconnorslawn.com\/es\/wp-json\/wp\/v2\/engine_brand?post=1808"},{"taxonomy":"blades","embeddable":true,"href":"https:\/\/oconnorslawn.com\/es\/wp-json\/wp\/v2\/blades?post=1808"},{"taxonomy":"transmission","embeddable":true,"href":"https:\/\/oconnorslawn.com\/es\/wp-json\/wp\/v2\/transmission?post=1808"},{"taxonomy":"seat_type","embeddable":true,"href":"https:\/\/oconnorslawn.com\/es\/wp-json\/wp\/v2\/seat_type?post=1808"},{"taxonomy":"mulch_kit","embeddable":true,"href":"https:\/\/oconnorslawn.com\/es\/wp-json\/wp\/v2\/mulch_kit?post=1808"},{"taxonomy":"bagger_compatible","embeddable":true,"href":"https:\/\/oconnorslawn.com\/es\/wp-json\/wp\/v2\/bagger_compatible?post=1808"},{"taxonomy":"discharge","embeddable":true,"href":"https:\/\/oconnorslawn.com\/es\/wp-json\/wp\/v2\/discharge?post=1808"},{"taxonomy":"start_type","embeddable":true,"href":"https:\/\/oconnorslawn.com\/es\/wp-json\/wp\/v2\/start_type?post=1808"},{"taxonomy":"drive_type","embeddable":true,"href":"https:\/\/oconnorslawn.com\/es\/wp-json\/wp\/v2\/drive_type?post=1808"},{"taxonomy":"power_type","embeddable":true,"href":"https:\/\/oconnorslawn.com\/es\/wp-json\/wp\/v2\/power_type?post=1808"},{"taxonomy":"bar_length","embeddable":true,"href":"https:\/\/oconnorslawn.com\/es\/wp-json\/wp\/v2\/bar_length?post=1808"},{"taxonomy":"handle_type","embeddable":true,"href":"https:\/\/oconnorslawn.com\/es\/wp-json\/wp\/v2\/handle_type?post=1808"}],"curies":[{"name":"wp","href":"https:\/\/api.w.org\/{rel}","templated":true}]}}