{"id":2345,"date":"2021-05-23T20:32:03","date_gmt":"2021-05-24T01:32:03","guid":{"rendered":"https:\/\/oconnorslawn.com\/shop\/uncategorized\/stihl-pp-800-pole-saw-telescoping-ps-80-saw\/"},"modified":"2023-01-03T14:07:44","modified_gmt":"2023-01-03T20:07:44","slug":"stihl-pp-800-pole-saw-telescoping-ps-80-saw","status":"publish","type":"product","link":"https:\/\/oconnorslawn.com\/es\/saws-chippers\/pole-saws\/stihl-pp-800-pole-saw-telescoping-ps-80-saw\/","title":{"rendered":"Stihl PS 880"},"content":{"rendered":"<p>La sierra de p\u00e9rtiga PP 800 con la sierra PS 80 es perfecta para cortes exactos en lugares dif\u00edciles. Este poste telesc\u00f3pico tiene un peso de 4.7 libras. cuerpo de aluminio y se extiende a 18 &#039;sobre el suelo y tiene una hoja de 16 \u2033. NOTA: Los accesorios se venden por separado.<\/p>","protected":false},"excerpt":{"rendered":"<p>Nuestra sierra de arboricultura m\u00e1s grande con hoja de 16 \u201dpara la podadora de p\u00e9rtiga telesc\u00f3pica PP 800. Con un alcance de trabajo de 18 &#039;sobre el suelo, este poste telesc\u00f3pico liviano puede equiparse con una cortadora o un cabezal de sierra.<\/p>","protected":false},"featured_media":10970,"template":"","meta":{"_acf_changed":false},"product_brand":[618],"product_cat":[275],"product_tag":[353,344,349,345,346,354,355,356,351,347,358,357,343,352],"cut_width":[],"grade":[],"style":[],"yard_size":[],"engine_brand":[],"blades":[],"transmission":[],"seat_type":[],"mulch_kit":[],"bagger_compatible":[],"discharge":[],"start_type":[],"drive_type":[],"power_type":[],"bar_length":[],"handle_type":[],"class_list":{"0":"post-2345","1":"product","2":"type-product","3":"status-publish","4":"has-post-thumbnail","6":"product_brand-stihl","7":"product_cat-pole-saws","8":"product_tag-18-max-length-manuel-pole-saw-set","9":"product_tag-handheld","10":"product_tag-manuel-pole-saw","11":"product_tag-pole-pruner","12":"product_tag-pole-pruner-set","13":"product_tag-pole-saw","14":"product_tag-pp800","15":"product_tag-pp800-and-ps80-set","16":"product_tag-professional","17":"product_tag-pruner","18":"product_tag-ps-80-arboriculture-saw-attatchment","19":"product_tag-ps80-attachment","20":"product_tag-stihl","21":"product_tag-under-250","23":"first","24":"instock","25":"taxable","26":"shipping-taxable","27":"product-type-simple"},"acf":[],"_links":{"self":[{"href":"https:\/\/oconnorslawn.com\/es\/wp-json\/wp\/v2\/product\/2345","targetHints":{"allow":["GET"]}}],"collection":[{"href":"https:\/\/oconnorslawn.com\/es\/wp-json\/wp\/v2\/product"}],"about":[{"href":"https:\/\/oconnorslawn.com\/es\/wp-json\/wp\/v2\/types\/product"}],"version-history":[{"count":3,"href":"https:\/\/oconnorslawn.com\/es\/wp-json\/wp\/v2\/product\/2345\/revisions"}],"predecessor-version":[{"id":12855,"href":"https:\/\/oconnorslawn.com\/es\/wp-json\/wp\/v2\/product\/2345\/revisions\/12855"}],"wp:featuredmedia":[{"embeddable":true,"href":"https:\/\/oconnorslawn.com\/es\/wp-json\/wp\/v2\/media\/10970"}],"wp:attachment":[{"href":"https:\/\/oconnorslawn.com\/es\/wp-json\/wp\/v2\/media?parent=2345"}],"wp:term":[{"taxonomy":"product_brand","embeddable":true,"href":"https:\/\/oconnorslawn.com\/es\/wp-json\/wp\/v2\/product_brand?post=2345"},{"taxonomy":"product_cat","embeddable":true,"href":"https:\/\/oconnorslawn.com\/es\/wp-json\/wp\/v2\/product_cat?post=2345"},{"taxonomy":"product_tag","embeddable":true,"href":"https:\/\/oconnorslawn.com\/es\/wp-json\/wp\/v2\/product_tag?post=2345"},{"taxonomy":"cut_width","embeddable":true,"href":"https:\/\/oconnorslawn.com\/es\/wp-json\/wp\/v2\/cut_width?post=2345"},{"taxonomy":"grade","embeddable":true,"href":"https:\/\/oconnorslawn.com\/es\/wp-json\/wp\/v2\/grade?post=2345"},{"taxonomy":"style","embeddable":true,"href":"https:\/\/oconnorslawn.com\/es\/wp-json\/wp\/v2\/style?post=2345"},{"taxonomy":"yard_size","embeddable":true,"href":"https:\/\/oconnorslawn.com\/es\/wp-json\/wp\/v2\/yard_size?post=2345"},{"taxonomy":"engine_brand","embeddable":true,"href":"https:\/\/oconnorslawn.com\/es\/wp-json\/wp\/v2\/engine_brand?post=2345"},{"taxonomy":"blades","embeddable":true,"href":"https:\/\/oconnorslawn.com\/es\/wp-json\/wp\/v2\/blades?post=2345"},{"taxonomy":"transmission","embeddable":true,"href":"https:\/\/oconnorslawn.com\/es\/wp-json\/wp\/v2\/transmission?post=2345"},{"taxonomy":"seat_type","embeddable":true,"href":"https:\/\/oconnorslawn.com\/es\/wp-json\/wp\/v2\/seat_type?post=2345"},{"taxonomy":"mulch_kit","embeddable":true,"href":"https:\/\/oconnorslawn.com\/es\/wp-json\/wp\/v2\/mulch_kit?post=2345"},{"taxonomy":"bagger_compatible","embeddable":true,"href":"https:\/\/oconnorslawn.com\/es\/wp-json\/wp\/v2\/bagger_compatible?post=2345"},{"taxonomy":"discharge","embeddable":true,"href":"https:\/\/oconnorslawn.com\/es\/wp-json\/wp\/v2\/discharge?post=2345"},{"taxonomy":"start_type","embeddable":true,"href":"https:\/\/oconnorslawn.com\/es\/wp-json\/wp\/v2\/start_type?post=2345"},{"taxonomy":"drive_type","embeddable":true,"href":"https:\/\/oconnorslawn.com\/es\/wp-json\/wp\/v2\/drive_type?post=2345"},{"taxonomy":"power_type","embeddable":true,"href":"https:\/\/oconnorslawn.com\/es\/wp-json\/wp\/v2\/power_type?post=2345"},{"taxonomy":"bar_length","embeddable":true,"href":"https:\/\/oconnorslawn.com\/es\/wp-json\/wp\/v2\/bar_length?post=2345"},{"taxonomy":"handle_type","embeddable":true,"href":"https:\/\/oconnorslawn.com\/es\/wp-json\/wp\/v2\/handle_type?post=2345"}],"curies":[{"name":"wp","href":"https:\/\/api.w.org\/{rel}","templated":true}]}}