{"id":2353,"date":"2021-05-23T20:33:51","date_gmt":"2021-05-24T01:33:51","guid":{"rendered":"https:\/\/oconnorslawn.com\/shop\/uncategorized\/stihl-ms-170-chainsaw\/"},"modified":"2024-04-01T15:40:38","modified_gmt":"2024-04-01T20:40:38","slug":"stihl-ms-162-chainsaw","status":"publish","type":"product","link":"https:\/\/oconnorslawn.com\/es\/saws-chippers\/chainsaws\/stihl-ms-162-chainsaw\/","title":{"rendered":"Stihl MS 162 Chainsaw"},"content":{"rendered":"<p>La motosierra dom\u00e9stica MS 170 es la sierra de gasolina perfecta a un precio excelente. Si necesita cortar la maleza despu\u00e9s de una tormenta o hacer algo en el jard\u00edn, esta es la sierra para usted.<\/p>","protected":false},"excerpt":{"rendered":"<p>Una motosierra liviana dise\u00f1ada para tareas de corte de madera en el hogar.<\/p>","protected":false},"featured_media":10974,"template":"","meta":{"_acf_changed":false},"product_brand":[618],"product_cat":[26],"product_tag":[370,366,368,83,251,696,369,343,352],"cut_width":[],"grade":[],"style":[],"yard_size":[],"engine_brand":[],"blades":[],"transmission":[],"seat_type":[],"mulch_kit":[],"bagger_compatible":[],"discharge":[],"start_type":[],"drive_type":[],"power_type":[],"bar_length":[],"handle_type":[],"class_list":{"0":"post-2353","1":"product","2":"type-product","3":"status-publish","4":"has-post-thumbnail","6":"product_brand-stihl","7":"product_cat-chainsaws","8":"product_tag-14in-35cm-max-cut-diameter","9":"product_tag-16-chainsaw","10":"product_tag-entry-level","11":"product_tag-gas","12":"product_tag-homeowner","13":"product_tag-ms-162","14":"product_tag-rear-handle","15":"product_tag-stihl","16":"product_tag-under-250","18":"first","19":"instock","20":"taxable","21":"shipping-taxable","22":"product-type-simple"},"acf":[],"_links":{"self":[{"href":"https:\/\/oconnorslawn.com\/es\/wp-json\/wp\/v2\/product\/2353","targetHints":{"allow":["GET"]}}],"collection":[{"href":"https:\/\/oconnorslawn.com\/es\/wp-json\/wp\/v2\/product"}],"about":[{"href":"https:\/\/oconnorslawn.com\/es\/wp-json\/wp\/v2\/types\/product"}],"version-history":[{"count":2,"href":"https:\/\/oconnorslawn.com\/es\/wp-json\/wp\/v2\/product\/2353\/revisions"}],"predecessor-version":[{"id":14146,"href":"https:\/\/oconnorslawn.com\/es\/wp-json\/wp\/v2\/product\/2353\/revisions\/14146"}],"wp:featuredmedia":[{"embeddable":true,"href":"https:\/\/oconnorslawn.com\/es\/wp-json\/wp\/v2\/media\/10974"}],"wp:attachment":[{"href":"https:\/\/oconnorslawn.com\/es\/wp-json\/wp\/v2\/media?parent=2353"}],"wp:term":[{"taxonomy":"product_brand","embeddable":true,"href":"https:\/\/oconnorslawn.com\/es\/wp-json\/wp\/v2\/product_brand?post=2353"},{"taxonomy":"product_cat","embeddable":true,"href":"https:\/\/oconnorslawn.com\/es\/wp-json\/wp\/v2\/product_cat?post=2353"},{"taxonomy":"product_tag","embeddable":true,"href":"https:\/\/oconnorslawn.com\/es\/wp-json\/wp\/v2\/product_tag?post=2353"},{"taxonomy":"cut_width","embeddable":true,"href":"https:\/\/oconnorslawn.com\/es\/wp-json\/wp\/v2\/cut_width?post=2353"},{"taxonomy":"grade","embeddable":true,"href":"https:\/\/oconnorslawn.com\/es\/wp-json\/wp\/v2\/grade?post=2353"},{"taxonomy":"style","embeddable":true,"href":"https:\/\/oconnorslawn.com\/es\/wp-json\/wp\/v2\/style?post=2353"},{"taxonomy":"yard_size","embeddable":true,"href":"https:\/\/oconnorslawn.com\/es\/wp-json\/wp\/v2\/yard_size?post=2353"},{"taxonomy":"engine_brand","embeddable":true,"href":"https:\/\/oconnorslawn.com\/es\/wp-json\/wp\/v2\/engine_brand?post=2353"},{"taxonomy":"blades","embeddable":true,"href":"https:\/\/oconnorslawn.com\/es\/wp-json\/wp\/v2\/blades?post=2353"},{"taxonomy":"transmission","embeddable":true,"href":"https:\/\/oconnorslawn.com\/es\/wp-json\/wp\/v2\/transmission?post=2353"},{"taxonomy":"seat_type","embeddable":true,"href":"https:\/\/oconnorslawn.com\/es\/wp-json\/wp\/v2\/seat_type?post=2353"},{"taxonomy":"mulch_kit","embeddable":true,"href":"https:\/\/oconnorslawn.com\/es\/wp-json\/wp\/v2\/mulch_kit?post=2353"},{"taxonomy":"bagger_compatible","embeddable":true,"href":"https:\/\/oconnorslawn.com\/es\/wp-json\/wp\/v2\/bagger_compatible?post=2353"},{"taxonomy":"discharge","embeddable":true,"href":"https:\/\/oconnorslawn.com\/es\/wp-json\/wp\/v2\/discharge?post=2353"},{"taxonomy":"start_type","embeddable":true,"href":"https:\/\/oconnorslawn.com\/es\/wp-json\/wp\/v2\/start_type?post=2353"},{"taxonomy":"drive_type","embeddable":true,"href":"https:\/\/oconnorslawn.com\/es\/wp-json\/wp\/v2\/drive_type?post=2353"},{"taxonomy":"power_type","embeddable":true,"href":"https:\/\/oconnorslawn.com\/es\/wp-json\/wp\/v2\/power_type?post=2353"},{"taxonomy":"bar_length","embeddable":true,"href":"https:\/\/oconnorslawn.com\/es\/wp-json\/wp\/v2\/bar_length?post=2353"},{"taxonomy":"handle_type","embeddable":true,"href":"https:\/\/oconnorslawn.com\/es\/wp-json\/wp\/v2\/handle_type?post=2353"}],"curies":[{"name":"wp","href":"https:\/\/api.w.org\/{rel}","templated":true}]}}