{"id":2375,"date":"2021-05-23T20:33:51","date_gmt":"2021-05-24T01:33:51","guid":{"rendered":"https:\/\/oconnorslawn.com\/shop\/uncategorized\/stihl-ms-251-c-be-chainsaw\/"},"modified":"2024-08-30T10:26:21","modified_gmt":"2024-08-30T15:26:21","slug":"stihl-ms-251-c-be-chainsaw","status":"publish","type":"product","link":"https:\/\/oconnorslawn.com\/es\/saws-chippers\/chainsaws\/stihl-ms-251-c-be-chainsaw\/","title":{"rendered":"Motosierra Stihl MS 251 C-BE"},"content":{"rendered":"<p>La MS 251 C-BE es la sierra m\u00e1s ecol\u00f3gica disponible. Disfrutar\u00e1 de la tecnolog\u00eda Easy2Start \u2122, una Master Control Lever \u2122 y el sistema antivibraci\u00f3n de \u00faltima generaci\u00f3n mientras mantiene un 50 por ciento de reducci\u00f3n de emisiones.<\/p>","protected":false},"excerpt":{"rendered":"<p>Una motosierra potente y de bajo consumo que es c\u00f3moda de usar y f\u00e1cil de ajustar.<\/p>","protected":false},"featured_media":10988,"template":"","meta":{"_acf_changed":false},"product_brand":[618],"product_cat":[26],"product_tag":[378,379,373,374,83,251,383,375,369,343,382,384],"cut_width":[],"grade":[],"style":[],"yard_size":[],"engine_brand":[],"blades":[],"transmission":[],"seat_type":[],"mulch_kit":[],"bagger_compatible":[],"discharge":[],"start_type":[],"drive_type":[],"power_type":[],"bar_length":[],"handle_type":[],"class_list":{"0":"post-2375","1":"product","2":"type-product","3":"status-publish","4":"has-post-thumbnail","6":"product_brand-stihl","7":"product_cat-chainsaws","8":"product_tag-16in-40cm-max-cut-diameter","9":"product_tag-18-chainsaw","10":"product_tag-easy-start","11":"product_tag-easy2start","12":"product_tag-gas","13":"product_tag-homeowner","14":"product_tag-ms-251-c-be","15":"product_tag-quick-tension","16":"product_tag-rear-handle","17":"product_tag-stihl","18":"product_tag-under-450","19":"product_tag-wood-boss-heavy-duty","21":"first","22":"instock","23":"taxable","24":"shipping-taxable","25":"product-type-simple"},"acf":[],"_links":{"self":[{"href":"https:\/\/oconnorslawn.com\/es\/wp-json\/wp\/v2\/product\/2375","targetHints":{"allow":["GET"]}}],"collection":[{"href":"https:\/\/oconnorslawn.com\/es\/wp-json\/wp\/v2\/product"}],"about":[{"href":"https:\/\/oconnorslawn.com\/es\/wp-json\/wp\/v2\/types\/product"}],"version-history":[{"count":1,"href":"https:\/\/oconnorslawn.com\/es\/wp-json\/wp\/v2\/product\/2375\/revisions"}],"predecessor-version":[{"id":2376,"href":"https:\/\/oconnorslawn.com\/es\/wp-json\/wp\/v2\/product\/2375\/revisions\/2376"}],"wp:featuredmedia":[{"embeddable":true,"href":"https:\/\/oconnorslawn.com\/es\/wp-json\/wp\/v2\/media\/10988"}],"wp:attachment":[{"href":"https:\/\/oconnorslawn.com\/es\/wp-json\/wp\/v2\/media?parent=2375"}],"wp:term":[{"taxonomy":"product_brand","embeddable":true,"href":"https:\/\/oconnorslawn.com\/es\/wp-json\/wp\/v2\/product_brand?post=2375"},{"taxonomy":"product_cat","embeddable":true,"href":"https:\/\/oconnorslawn.com\/es\/wp-json\/wp\/v2\/product_cat?post=2375"},{"taxonomy":"product_tag","embeddable":true,"href":"https:\/\/oconnorslawn.com\/es\/wp-json\/wp\/v2\/product_tag?post=2375"},{"taxonomy":"cut_width","embeddable":true,"href":"https:\/\/oconnorslawn.com\/es\/wp-json\/wp\/v2\/cut_width?post=2375"},{"taxonomy":"grade","embeddable":true,"href":"https:\/\/oconnorslawn.com\/es\/wp-json\/wp\/v2\/grade?post=2375"},{"taxonomy":"style","embeddable":true,"href":"https:\/\/oconnorslawn.com\/es\/wp-json\/wp\/v2\/style?post=2375"},{"taxonomy":"yard_size","embeddable":true,"href":"https:\/\/oconnorslawn.com\/es\/wp-json\/wp\/v2\/yard_size?post=2375"},{"taxonomy":"engine_brand","embeddable":true,"href":"https:\/\/oconnorslawn.com\/es\/wp-json\/wp\/v2\/engine_brand?post=2375"},{"taxonomy":"blades","embeddable":true,"href":"https:\/\/oconnorslawn.com\/es\/wp-json\/wp\/v2\/blades?post=2375"},{"taxonomy":"transmission","embeddable":true,"href":"https:\/\/oconnorslawn.com\/es\/wp-json\/wp\/v2\/transmission?post=2375"},{"taxonomy":"seat_type","embeddable":true,"href":"https:\/\/oconnorslawn.com\/es\/wp-json\/wp\/v2\/seat_type?post=2375"},{"taxonomy":"mulch_kit","embeddable":true,"href":"https:\/\/oconnorslawn.com\/es\/wp-json\/wp\/v2\/mulch_kit?post=2375"},{"taxonomy":"bagger_compatible","embeddable":true,"href":"https:\/\/oconnorslawn.com\/es\/wp-json\/wp\/v2\/bagger_compatible?post=2375"},{"taxonomy":"discharge","embeddable":true,"href":"https:\/\/oconnorslawn.com\/es\/wp-json\/wp\/v2\/discharge?post=2375"},{"taxonomy":"start_type","embeddable":true,"href":"https:\/\/oconnorslawn.com\/es\/wp-json\/wp\/v2\/start_type?post=2375"},{"taxonomy":"drive_type","embeddable":true,"href":"https:\/\/oconnorslawn.com\/es\/wp-json\/wp\/v2\/drive_type?post=2375"},{"taxonomy":"power_type","embeddable":true,"href":"https:\/\/oconnorslawn.com\/es\/wp-json\/wp\/v2\/power_type?post=2375"},{"taxonomy":"bar_length","embeddable":true,"href":"https:\/\/oconnorslawn.com\/es\/wp-json\/wp\/v2\/bar_length?post=2375"},{"taxonomy":"handle_type","embeddable":true,"href":"https:\/\/oconnorslawn.com\/es\/wp-json\/wp\/v2\/handle_type?post=2375"}],"curies":[{"name":"wp","href":"https:\/\/api.w.org\/{rel}","templated":true}]}}