{"id":2380,"date":"2021-05-23T20:33:51","date_gmt":"2021-05-24T01:33:51","guid":{"rendered":"https:\/\/oconnorslawn.com\/shop\/uncategorized\/stihl-ms-261-c-m-chainsaw\/"},"modified":"2025-03-25T15:34:07","modified_gmt":"2025-03-25T20:34:07","slug":"stihl-ms-261-c-m-chainsaw","status":"publish","type":"product","link":"https:\/\/oconnorslawn.com\/es\/saws-chippers\/chainsaws\/stihl-ms-261-c-m-chainsaw\/","title":{"rendered":"Motosierra Stihl MS 261 CM"},"content":{"rendered":"<p>La MS 261 tambi\u00e9n se jacta de ser amigable con el medio ambiente como la sierra MS 251 con caracter\u00edsticas adicionales como el motor STIHL M-Tronic \u2122 que modifica el rendimiento para cambios de elevaci\u00f3n, temperatura, calidad del combustible y niveles de octanaje variables para un rendimiento m\u00e1ximo sin importar qu\u00e9. Esta sierra es compatible con una barra de 16 \u201d, 18\u201d o 20 \u201d.<\/p>","protected":false},"excerpt":{"rendered":"<p>El mismo magn\u00edfico MS 261, pero con la avanzada tecnolog\u00eda STIHL M-Tronic \u2122 para un rendimiento optimizado en diversas condiciones.<\/p>","protected":false},"featured_media":10991,"template":"","meta":{"_acf_changed":false},"product_brand":[618],"product_cat":[26],"product_tag":[389,390,385,387,388,83,50,386,351,369,343],"cut_width":[],"grade":[],"style":[],"yard_size":[],"engine_brand":[],"blades":[],"transmission":[],"seat_type":[],"mulch_kit":[],"bagger_compatible":[],"discharge":[],"start_type":[],"drive_type":[],"power_type":[],"bar_length":[],"handle_type":[],"class_list":{"0":"post-2380","1":"product","2":"type-product","3":"status-publish","4":"has-post-thumbnail","6":"product_brand-stihl","7":"product_cat-chainsaws","8":"product_tag-389","9":"product_tag-14-16-18-35cm-40cm-45cm-max-cut-diameter","10":"product_tag-16-18-20-chainsaw","11":"product_tag-farm-and-ranch","12":"product_tag-farm-boss","13":"product_tag-gas","14":"product_tag-heavy-duty","15":"product_tag-ms-261-c-m","16":"product_tag-professional","17":"product_tag-rear-handle","18":"product_tag-stihl","20":"first","21":"instock","22":"taxable","23":"shipping-taxable","24":"product-type-simple"},"acf":[],"_links":{"self":[{"href":"https:\/\/oconnorslawn.com\/es\/wp-json\/wp\/v2\/product\/2380","targetHints":{"allow":["GET"]}}],"collection":[{"href":"https:\/\/oconnorslawn.com\/es\/wp-json\/wp\/v2\/product"}],"about":[{"href":"https:\/\/oconnorslawn.com\/es\/wp-json\/wp\/v2\/types\/product"}],"version-history":[{"count":1,"href":"https:\/\/oconnorslawn.com\/es\/wp-json\/wp\/v2\/product\/2380\/revisions"}],"predecessor-version":[{"id":2381,"href":"https:\/\/oconnorslawn.com\/es\/wp-json\/wp\/v2\/product\/2380\/revisions\/2381"}],"wp:featuredmedia":[{"embeddable":true,"href":"https:\/\/oconnorslawn.com\/es\/wp-json\/wp\/v2\/media\/10991"}],"wp:attachment":[{"href":"https:\/\/oconnorslawn.com\/es\/wp-json\/wp\/v2\/media?parent=2380"}],"wp:term":[{"taxonomy":"product_brand","embeddable":true,"href":"https:\/\/oconnorslawn.com\/es\/wp-json\/wp\/v2\/product_brand?post=2380"},{"taxonomy":"product_cat","embeddable":true,"href":"https:\/\/oconnorslawn.com\/es\/wp-json\/wp\/v2\/product_cat?post=2380"},{"taxonomy":"product_tag","embeddable":true,"href":"https:\/\/oconnorslawn.com\/es\/wp-json\/wp\/v2\/product_tag?post=2380"},{"taxonomy":"cut_width","embeddable":true,"href":"https:\/\/oconnorslawn.com\/es\/wp-json\/wp\/v2\/cut_width?post=2380"},{"taxonomy":"grade","embeddable":true,"href":"https:\/\/oconnorslawn.com\/es\/wp-json\/wp\/v2\/grade?post=2380"},{"taxonomy":"style","embeddable":true,"href":"https:\/\/oconnorslawn.com\/es\/wp-json\/wp\/v2\/style?post=2380"},{"taxonomy":"yard_size","embeddable":true,"href":"https:\/\/oconnorslawn.com\/es\/wp-json\/wp\/v2\/yard_size?post=2380"},{"taxonomy":"engine_brand","embeddable":true,"href":"https:\/\/oconnorslawn.com\/es\/wp-json\/wp\/v2\/engine_brand?post=2380"},{"taxonomy":"blades","embeddable":true,"href":"https:\/\/oconnorslawn.com\/es\/wp-json\/wp\/v2\/blades?post=2380"},{"taxonomy":"transmission","embeddable":true,"href":"https:\/\/oconnorslawn.com\/es\/wp-json\/wp\/v2\/transmission?post=2380"},{"taxonomy":"seat_type","embeddable":true,"href":"https:\/\/oconnorslawn.com\/es\/wp-json\/wp\/v2\/seat_type?post=2380"},{"taxonomy":"mulch_kit","embeddable":true,"href":"https:\/\/oconnorslawn.com\/es\/wp-json\/wp\/v2\/mulch_kit?post=2380"},{"taxonomy":"bagger_compatible","embeddable":true,"href":"https:\/\/oconnorslawn.com\/es\/wp-json\/wp\/v2\/bagger_compatible?post=2380"},{"taxonomy":"discharge","embeddable":true,"href":"https:\/\/oconnorslawn.com\/es\/wp-json\/wp\/v2\/discharge?post=2380"},{"taxonomy":"start_type","embeddable":true,"href":"https:\/\/oconnorslawn.com\/es\/wp-json\/wp\/v2\/start_type?post=2380"},{"taxonomy":"drive_type","embeddable":true,"href":"https:\/\/oconnorslawn.com\/es\/wp-json\/wp\/v2\/drive_type?post=2380"},{"taxonomy":"power_type","embeddable":true,"href":"https:\/\/oconnorslawn.com\/es\/wp-json\/wp\/v2\/power_type?post=2380"},{"taxonomy":"bar_length","embeddable":true,"href":"https:\/\/oconnorslawn.com\/es\/wp-json\/wp\/v2\/bar_length?post=2380"},{"taxonomy":"handle_type","embeddable":true,"href":"https:\/\/oconnorslawn.com\/es\/wp-json\/wp\/v2\/handle_type?post=2380"}],"curies":[{"name":"wp","href":"https:\/\/api.w.org\/{rel}","templated":true}]}}