{"id":2400,"date":"2021-05-23T20:33:51","date_gmt":"2021-05-24T01:33:51","guid":{"rendered":"https:\/\/oconnorslawn.com\/shop\/uncategorized\/stihl-ms-362-c-m-chainsaw\/"},"modified":"2024-04-01T15:49:34","modified_gmt":"2024-04-01T20:49:34","slug":"stihl-ms-362-c-m-chainsaw","status":"publish","type":"product","link":"https:\/\/oconnorslawn.com\/es\/saws-chippers\/chainsaws\/stihl-ms-362-c-m-chainsaw\/","title":{"rendered":"Motosierra Stihl MS 362 CM"},"content":{"rendered":"<p>Disfrute de los beneficios de la nueva tecnolog\u00eda sin sacrificar la potencia. El motor avanzado viene de serie con control por microprocesador y M-Tronic \u2122 y puede adaptarse a una barra de 16 \u201d-25\u201d.<\/p>","protected":false},"excerpt":{"rendered":"<p>La motosierra MS 362 m\u00e1s nuestra exclusiva tecnolog\u00eda de gesti\u00f3n del motor STIHL M-Tronic \u2122.<\/p>","protected":false},"featured_media":11003,"template":"","meta":{"_acf_changed":false},"product_brand":[618],"product_cat":[26],"product_tag":[389,396,394,83,50,397,351,369,343],"cut_width":[],"grade":[],"style":[],"yard_size":[],"engine_brand":[],"blades":[],"transmission":[],"seat_type":[],"mulch_kit":[],"bagger_compatible":[],"discharge":[],"start_type":[],"drive_type":[],"power_type":[],"bar_length":[],"handle_type":[],"class_list":{"0":"post-2400","1":"product","2":"type-product","3":"status-publish","4":"has-post-thumbnail","6":"product_brand-stihl","7":"product_cat-chainsaws","8":"product_tag-389","9":"product_tag-14-16-18-23-35cm-40cm-45cm-60cm-max-cut-diameter","10":"product_tag-16-18-20-25-chainsaw","11":"product_tag-gas","12":"product_tag-heavy-duty","13":"product_tag-ms-362","14":"product_tag-professional","15":"product_tag-rear-handle","16":"product_tag-stihl","18":"first","19":"instock","20":"taxable","21":"shipping-taxable","22":"product-type-simple"},"acf":[],"_links":{"self":[{"href":"https:\/\/oconnorslawn.com\/es\/wp-json\/wp\/v2\/product\/2400","targetHints":{"allow":["GET"]}}],"collection":[{"href":"https:\/\/oconnorslawn.com\/es\/wp-json\/wp\/v2\/product"}],"about":[{"href":"https:\/\/oconnorslawn.com\/es\/wp-json\/wp\/v2\/types\/product"}],"version-history":[{"count":2,"href":"https:\/\/oconnorslawn.com\/es\/wp-json\/wp\/v2\/product\/2400\/revisions"}],"predecessor-version":[{"id":6389,"href":"https:\/\/oconnorslawn.com\/es\/wp-json\/wp\/v2\/product\/2400\/revisions\/6389"}],"wp:featuredmedia":[{"embeddable":true,"href":"https:\/\/oconnorslawn.com\/es\/wp-json\/wp\/v2\/media\/11003"}],"wp:attachment":[{"href":"https:\/\/oconnorslawn.com\/es\/wp-json\/wp\/v2\/media?parent=2400"}],"wp:term":[{"taxonomy":"product_brand","embeddable":true,"href":"https:\/\/oconnorslawn.com\/es\/wp-json\/wp\/v2\/product_brand?post=2400"},{"taxonomy":"product_cat","embeddable":true,"href":"https:\/\/oconnorslawn.com\/es\/wp-json\/wp\/v2\/product_cat?post=2400"},{"taxonomy":"product_tag","embeddable":true,"href":"https:\/\/oconnorslawn.com\/es\/wp-json\/wp\/v2\/product_tag?post=2400"},{"taxonomy":"cut_width","embeddable":true,"href":"https:\/\/oconnorslawn.com\/es\/wp-json\/wp\/v2\/cut_width?post=2400"},{"taxonomy":"grade","embeddable":true,"href":"https:\/\/oconnorslawn.com\/es\/wp-json\/wp\/v2\/grade?post=2400"},{"taxonomy":"style","embeddable":true,"href":"https:\/\/oconnorslawn.com\/es\/wp-json\/wp\/v2\/style?post=2400"},{"taxonomy":"yard_size","embeddable":true,"href":"https:\/\/oconnorslawn.com\/es\/wp-json\/wp\/v2\/yard_size?post=2400"},{"taxonomy":"engine_brand","embeddable":true,"href":"https:\/\/oconnorslawn.com\/es\/wp-json\/wp\/v2\/engine_brand?post=2400"},{"taxonomy":"blades","embeddable":true,"href":"https:\/\/oconnorslawn.com\/es\/wp-json\/wp\/v2\/blades?post=2400"},{"taxonomy":"transmission","embeddable":true,"href":"https:\/\/oconnorslawn.com\/es\/wp-json\/wp\/v2\/transmission?post=2400"},{"taxonomy":"seat_type","embeddable":true,"href":"https:\/\/oconnorslawn.com\/es\/wp-json\/wp\/v2\/seat_type?post=2400"},{"taxonomy":"mulch_kit","embeddable":true,"href":"https:\/\/oconnorslawn.com\/es\/wp-json\/wp\/v2\/mulch_kit?post=2400"},{"taxonomy":"bagger_compatible","embeddable":true,"href":"https:\/\/oconnorslawn.com\/es\/wp-json\/wp\/v2\/bagger_compatible?post=2400"},{"taxonomy":"discharge","embeddable":true,"href":"https:\/\/oconnorslawn.com\/es\/wp-json\/wp\/v2\/discharge?post=2400"},{"taxonomy":"start_type","embeddable":true,"href":"https:\/\/oconnorslawn.com\/es\/wp-json\/wp\/v2\/start_type?post=2400"},{"taxonomy":"drive_type","embeddable":true,"href":"https:\/\/oconnorslawn.com\/es\/wp-json\/wp\/v2\/drive_type?post=2400"},{"taxonomy":"power_type","embeddable":true,"href":"https:\/\/oconnorslawn.com\/es\/wp-json\/wp\/v2\/power_type?post=2400"},{"taxonomy":"bar_length","embeddable":true,"href":"https:\/\/oconnorslawn.com\/es\/wp-json\/wp\/v2\/bar_length?post=2400"},{"taxonomy":"handle_type","embeddable":true,"href":"https:\/\/oconnorslawn.com\/es\/wp-json\/wp\/v2\/handle_type?post=2400"}],"curies":[{"name":"wp","href":"https:\/\/api.w.org\/{rel}","templated":true}]}}