{"id":2426,"date":"2021-05-23T20:35:45","date_gmt":"2021-05-24T01:35:45","guid":{"rendered":"https:\/\/oconnorslawn.com\/shop\/uncategorized\/stihl-hsa-26-batt-set-shrub-shears\/"},"modified":"2023-01-02T13:57:56","modified_gmt":"2023-01-02T19:57:56","slug":"stihl-hsa-26-batt-set-shrub-shears","status":"publish","type":"product","link":"https:\/\/oconnorslawn.com\/es\/gardening-equipment\/hand-tools\/stihl-hsa-26-batt-set-shrub-shears\/","title":{"rendered":"Stihl HSA 26 BATT SET Tijeras para arbustos"},"content":{"rendered":"<p>Estas tijeras para arbustos son perfectas para los propietarios de viviendas que desean trabajar al aire libre sin el ruido fuerte que normalmente se asocia con la jardiner\u00eda. El HAS 26, que funciona con bater\u00eda, incluso tiene un tiempo de ejecuci\u00f3n de hasta 110 minutos con cada carga. Este modelo viene con un kit de bolsa de transporte, bater\u00eda y cargador.<\/p>","protected":false},"excerpt":{"rendered":"<p>Una herramienta a bater\u00eda dise\u00f1ada para tareas de recorte vers\u00e1tiles y precisas. (Bater\u00eda y cargador incluidos)<\/p>","protected":false},"featured_media":11014,"template":"","meta":{"_acf_changed":false},"product_brand":[618],"product_cat":[638],"product_tag":[415,301,418,417,414,302,416,343],"cut_width":[],"grade":[],"style":[],"yard_size":[],"engine_brand":[],"blades":[],"transmission":[],"seat_type":[],"mulch_kit":[],"bagger_compatible":[],"discharge":[],"start_type":[],"drive_type":[],"power_type":[],"bar_length":[],"handle_type":[],"class_list":{"0":"post-2426","1":"product","2":"type-product","3":"status-publish","4":"has-post-thumbnail","6":"product_brand-stihl","7":"product_cat-hand-tools","8":"product_tag-0-31in-0-8cm-max-cut-diameter","9":"product_tag-battery-powered","10":"product_tag-battery-set","11":"product_tag-battery-w-charger","12":"product_tag-battery-powered-hedge-trimmer","13":"product_tag-cordless","14":"product_tag-hsa-26-battery-set-garden-shears","15":"product_tag-stihl","17":"first","18":"instock","19":"taxable","20":"shipping-taxable","21":"product-type-simple"},"acf":[],"_links":{"self":[{"href":"https:\/\/oconnorslawn.com\/es\/wp-json\/wp\/v2\/product\/2426","targetHints":{"allow":["GET"]}}],"collection":[{"href":"https:\/\/oconnorslawn.com\/es\/wp-json\/wp\/v2\/product"}],"about":[{"href":"https:\/\/oconnorslawn.com\/es\/wp-json\/wp\/v2\/types\/product"}],"version-history":[{"count":1,"href":"https:\/\/oconnorslawn.com\/es\/wp-json\/wp\/v2\/product\/2426\/revisions"}],"predecessor-version":[{"id":2427,"href":"https:\/\/oconnorslawn.com\/es\/wp-json\/wp\/v2\/product\/2426\/revisions\/2427"}],"wp:featuredmedia":[{"embeddable":true,"href":"https:\/\/oconnorslawn.com\/es\/wp-json\/wp\/v2\/media\/11014"}],"wp:attachment":[{"href":"https:\/\/oconnorslawn.com\/es\/wp-json\/wp\/v2\/media?parent=2426"}],"wp:term":[{"taxonomy":"product_brand","embeddable":true,"href":"https:\/\/oconnorslawn.com\/es\/wp-json\/wp\/v2\/product_brand?post=2426"},{"taxonomy":"product_cat","embeddable":true,"href":"https:\/\/oconnorslawn.com\/es\/wp-json\/wp\/v2\/product_cat?post=2426"},{"taxonomy":"product_tag","embeddable":true,"href":"https:\/\/oconnorslawn.com\/es\/wp-json\/wp\/v2\/product_tag?post=2426"},{"taxonomy":"cut_width","embeddable":true,"href":"https:\/\/oconnorslawn.com\/es\/wp-json\/wp\/v2\/cut_width?post=2426"},{"taxonomy":"grade","embeddable":true,"href":"https:\/\/oconnorslawn.com\/es\/wp-json\/wp\/v2\/grade?post=2426"},{"taxonomy":"style","embeddable":true,"href":"https:\/\/oconnorslawn.com\/es\/wp-json\/wp\/v2\/style?post=2426"},{"taxonomy":"yard_size","embeddable":true,"href":"https:\/\/oconnorslawn.com\/es\/wp-json\/wp\/v2\/yard_size?post=2426"},{"taxonomy":"engine_brand","embeddable":true,"href":"https:\/\/oconnorslawn.com\/es\/wp-json\/wp\/v2\/engine_brand?post=2426"},{"taxonomy":"blades","embeddable":true,"href":"https:\/\/oconnorslawn.com\/es\/wp-json\/wp\/v2\/blades?post=2426"},{"taxonomy":"transmission","embeddable":true,"href":"https:\/\/oconnorslawn.com\/es\/wp-json\/wp\/v2\/transmission?post=2426"},{"taxonomy":"seat_type","embeddable":true,"href":"https:\/\/oconnorslawn.com\/es\/wp-json\/wp\/v2\/seat_type?post=2426"},{"taxonomy":"mulch_kit","embeddable":true,"href":"https:\/\/oconnorslawn.com\/es\/wp-json\/wp\/v2\/mulch_kit?post=2426"},{"taxonomy":"bagger_compatible","embeddable":true,"href":"https:\/\/oconnorslawn.com\/es\/wp-json\/wp\/v2\/bagger_compatible?post=2426"},{"taxonomy":"discharge","embeddable":true,"href":"https:\/\/oconnorslawn.com\/es\/wp-json\/wp\/v2\/discharge?post=2426"},{"taxonomy":"start_type","embeddable":true,"href":"https:\/\/oconnorslawn.com\/es\/wp-json\/wp\/v2\/start_type?post=2426"},{"taxonomy":"drive_type","embeddable":true,"href":"https:\/\/oconnorslawn.com\/es\/wp-json\/wp\/v2\/drive_type?post=2426"},{"taxonomy":"power_type","embeddable":true,"href":"https:\/\/oconnorslawn.com\/es\/wp-json\/wp\/v2\/power_type?post=2426"},{"taxonomy":"bar_length","embeddable":true,"href":"https:\/\/oconnorslawn.com\/es\/wp-json\/wp\/v2\/bar_length?post=2426"},{"taxonomy":"handle_type","embeddable":true,"href":"https:\/\/oconnorslawn.com\/es\/wp-json\/wp\/v2\/handle_type?post=2426"}],"curies":[{"name":"wp","href":"https:\/\/api.w.org\/{rel}","templated":true}]}}