{"id":2478,"date":"2021-05-23T20:37:11","date_gmt":"2021-05-24T01:37:11","guid":{"rendered":"https:\/\/oconnorslawn.com\/shop\/uncategorized\/stihl-rma-510-v-set-walk-behind\/"},"modified":"2025-06-01T16:30:43","modified_gmt":"2025-06-01T21:30:43","slug":"stihl-rma-510-v-set-walk-behind","status":"publish","type":"product","link":"https:\/\/oconnorslawn.com\/es\/mowers\/walk-behind\/stihl-rma-510-v-set-walk-behind\/","title":{"rendered":"Stihl RMA 510 V SET Caminar detr\u00e1s"},"content":{"rendered":"<p>La cortadora de c\u00e9sped RMA 510 V a bater\u00eda incluye autopropulsi\u00f3n para igualar su velocidad hasta 2.8 mph. Con una plataforma de 21 \u201dy una bater\u00eda STIHL AP 300 de 36 voltios, este es el paseo perfecto para propietarios peque\u00f1os pero poderosos hechos para yardas peque\u00f1as a medianas.<\/p>","protected":false},"excerpt":{"rendered":"<p>El primer cortac\u00e9sped autopropulsado de la serie de bater\u00edas STIHL AP ofrece una experiencia de corte potente y conveniente para el propietario de una casa suburbana.<\/p>","protected":false},"featured_media":11048,"template":"","meta":{"_acf_changed":false},"product_brand":[618],"product_cat":[25],"product_tag":[87,450,85,306,447,448,301,446,302,452,449,109,451,76,343,136],"cut_width":[],"grade":[],"style":[],"yard_size":[],"engine_brand":[],"blades":[],"transmission":[],"seat_type":[],"mulch_kit":[],"bagger_compatible":[],"discharge":[],"start_type":[],"drive_type":[],"power_type":[],"bar_length":[],"handle_type":[],"class_list":{"0":"post-2478","1":"product","2":"type-product","3":"status-publish","4":"has-post-thumbnail","6":"product_brand-stihl","7":"product_cat-walk-behind","8":"product_tag-000-sq-ft","9":"product_tag-450","10":"product_tag-85","11":"product_tag-battery","12":"product_tag-battery-and-charger","13":"product_tag-battery-and-charger-set","14":"product_tag-battery-powered","15":"product_tag-charger","16":"product_tag-cordless","17":"product_tag-instant-start-up","18":"product_tag-push","19":"product_tag-rear-wheel-drive","20":"product_tag-rma-510-v","21":"product_tag-self-propelled","22":"product_tag-stihl","23":"product_tag-under-750","25":"first","26":"instock","27":"taxable","28":"shipping-taxable","29":"product-type-simple"},"acf":[],"_links":{"self":[{"href":"https:\/\/oconnorslawn.com\/es\/wp-json\/wp\/v2\/product\/2478","targetHints":{"allow":["GET"]}}],"collection":[{"href":"https:\/\/oconnorslawn.com\/es\/wp-json\/wp\/v2\/product"}],"about":[{"href":"https:\/\/oconnorslawn.com\/es\/wp-json\/wp\/v2\/types\/product"}],"version-history":[{"count":1,"href":"https:\/\/oconnorslawn.com\/es\/wp-json\/wp\/v2\/product\/2478\/revisions"}],"predecessor-version":[{"id":2479,"href":"https:\/\/oconnorslawn.com\/es\/wp-json\/wp\/v2\/product\/2478\/revisions\/2479"}],"wp:featuredmedia":[{"embeddable":true,"href":"https:\/\/oconnorslawn.com\/es\/wp-json\/wp\/v2\/media\/11048"}],"wp:attachment":[{"href":"https:\/\/oconnorslawn.com\/es\/wp-json\/wp\/v2\/media?parent=2478"}],"wp:term":[{"taxonomy":"product_brand","embeddable":true,"href":"https:\/\/oconnorslawn.com\/es\/wp-json\/wp\/v2\/product_brand?post=2478"},{"taxonomy":"product_cat","embeddable":true,"href":"https:\/\/oconnorslawn.com\/es\/wp-json\/wp\/v2\/product_cat?post=2478"},{"taxonomy":"product_tag","embeddable":true,"href":"https:\/\/oconnorslawn.com\/es\/wp-json\/wp\/v2\/product_tag?post=2478"},{"taxonomy":"cut_width","embeddable":true,"href":"https:\/\/oconnorslawn.com\/es\/wp-json\/wp\/v2\/cut_width?post=2478"},{"taxonomy":"grade","embeddable":true,"href":"https:\/\/oconnorslawn.com\/es\/wp-json\/wp\/v2\/grade?post=2478"},{"taxonomy":"style","embeddable":true,"href":"https:\/\/oconnorslawn.com\/es\/wp-json\/wp\/v2\/style?post=2478"},{"taxonomy":"yard_size","embeddable":true,"href":"https:\/\/oconnorslawn.com\/es\/wp-json\/wp\/v2\/yard_size?post=2478"},{"taxonomy":"engine_brand","embeddable":true,"href":"https:\/\/oconnorslawn.com\/es\/wp-json\/wp\/v2\/engine_brand?post=2478"},{"taxonomy":"blades","embeddable":true,"href":"https:\/\/oconnorslawn.com\/es\/wp-json\/wp\/v2\/blades?post=2478"},{"taxonomy":"transmission","embeddable":true,"href":"https:\/\/oconnorslawn.com\/es\/wp-json\/wp\/v2\/transmission?post=2478"},{"taxonomy":"seat_type","embeddable":true,"href":"https:\/\/oconnorslawn.com\/es\/wp-json\/wp\/v2\/seat_type?post=2478"},{"taxonomy":"mulch_kit","embeddable":true,"href":"https:\/\/oconnorslawn.com\/es\/wp-json\/wp\/v2\/mulch_kit?post=2478"},{"taxonomy":"bagger_compatible","embeddable":true,"href":"https:\/\/oconnorslawn.com\/es\/wp-json\/wp\/v2\/bagger_compatible?post=2478"},{"taxonomy":"discharge","embeddable":true,"href":"https:\/\/oconnorslawn.com\/es\/wp-json\/wp\/v2\/discharge?post=2478"},{"taxonomy":"start_type","embeddable":true,"href":"https:\/\/oconnorslawn.com\/es\/wp-json\/wp\/v2\/start_type?post=2478"},{"taxonomy":"drive_type","embeddable":true,"href":"https:\/\/oconnorslawn.com\/es\/wp-json\/wp\/v2\/drive_type?post=2478"},{"taxonomy":"power_type","embeddable":true,"href":"https:\/\/oconnorslawn.com\/es\/wp-json\/wp\/v2\/power_type?post=2478"},{"taxonomy":"bar_length","embeddable":true,"href":"https:\/\/oconnorslawn.com\/es\/wp-json\/wp\/v2\/bar_length?post=2478"},{"taxonomy":"handle_type","embeddable":true,"href":"https:\/\/oconnorslawn.com\/es\/wp-json\/wp\/v2\/handle_type?post=2478"}],"curies":[{"name":"wp","href":"https:\/\/api.w.org\/{rel}","templated":true}]}}