{"id":6216,"date":"2021-02-26T14:15:56","date_gmt":"2021-02-26T20:15:56","guid":{"rendered":"https:\/\/oconnorslawn.com\/?post_type=product&#038;p=6216"},"modified":"2025-04-17T09:40:49","modified_gmt":"2025-04-17T14:40:49","slug":"oconnors-fertilizer","status":"publish","type":"product","link":"https:\/\/oconnorslawn.com\/es\/lawn-care\/oconnors-fertilizer\/","title":{"rendered":"Formulaci\u00f3n de fertilizantes para c\u00e9sped y jard\u00edn"},"content":{"rendered":"<h2>27 - 4 - 6 \/ 5S \/ 3FE<\/h2>\n<p><strong>Bolsa de 40 lb (18,14 kg) Peso neto<\/strong><br \/>\n<strong>Cubre hasta 5000 pies cuadrados. Pie.<\/strong><br \/>\n<strong>Para resultados premium: 3000 pies cuadrados. Pie.<\/strong><\/p>\n<h5>FABRICADO POR ESCO EXCLUSIVAMENTE PARA EL C\u00c9SPED Y EL JARD\u00cdN DE O&#039;CONNOR<\/h5>","protected":false},"excerpt":{"rendered":"<p>Bolsa de 40 libras del famoso fertilizante patentado de O&#039;Connor. Nuestra f\u00f3rmula perfeccionada de elementos neutralizantes del pH con micro y macronutrientes para crear un c\u00e9sped exuberante a pesar de la arcilla de Oklahoma.<\/p>","protected":false},"featured_media":6217,"template":"","meta":{"_acf_changed":false},"product_brand":[644],"product_cat":[272],"product_tag":[643],"cut_width":[],"grade":[],"style":[],"yard_size":[],"engine_brand":[],"blades":[],"transmission":[],"seat_type":[],"mulch_kit":[],"bagger_compatible":[],"discharge":[],"start_type":[],"drive_type":[],"power_type":[],"bar_length":[],"handle_type":[],"class_list":{"0":"post-6216","1":"product","2":"type-product","3":"status-publish","4":"has-post-thumbnail","6":"product_brand-oconnors","7":"product_cat-lawn-care","8":"product_tag-fertilizer","10":"first","11":"instock","12":"featured","13":"taxable","14":"shipping-taxable","15":"product-type-simple"},"acf":[],"_links":{"self":[{"href":"https:\/\/oconnorslawn.com\/es\/wp-json\/wp\/v2\/product\/6216","targetHints":{"allow":["GET"]}}],"collection":[{"href":"https:\/\/oconnorslawn.com\/es\/wp-json\/wp\/v2\/product"}],"about":[{"href":"https:\/\/oconnorslawn.com\/es\/wp-json\/wp\/v2\/types\/product"}],"version-history":[{"count":13,"href":"https:\/\/oconnorslawn.com\/es\/wp-json\/wp\/v2\/product\/6216\/revisions"}],"predecessor-version":[{"id":6293,"href":"https:\/\/oconnorslawn.com\/es\/wp-json\/wp\/v2\/product\/6216\/revisions\/6293"}],"wp:featuredmedia":[{"embeddable":true,"href":"https:\/\/oconnorslawn.com\/es\/wp-json\/wp\/v2\/media\/6217"}],"wp:attachment":[{"href":"https:\/\/oconnorslawn.com\/es\/wp-json\/wp\/v2\/media?parent=6216"}],"wp:term":[{"taxonomy":"product_brand","embeddable":true,"href":"https:\/\/oconnorslawn.com\/es\/wp-json\/wp\/v2\/product_brand?post=6216"},{"taxonomy":"product_cat","embeddable":true,"href":"https:\/\/oconnorslawn.com\/es\/wp-json\/wp\/v2\/product_cat?post=6216"},{"taxonomy":"product_tag","embeddable":true,"href":"https:\/\/oconnorslawn.com\/es\/wp-json\/wp\/v2\/product_tag?post=6216"},{"taxonomy":"cut_width","embeddable":true,"href":"https:\/\/oconnorslawn.com\/es\/wp-json\/wp\/v2\/cut_width?post=6216"},{"taxonomy":"grade","embeddable":true,"href":"https:\/\/oconnorslawn.com\/es\/wp-json\/wp\/v2\/grade?post=6216"},{"taxonomy":"style","embeddable":true,"href":"https:\/\/oconnorslawn.com\/es\/wp-json\/wp\/v2\/style?post=6216"},{"taxonomy":"yard_size","embeddable":true,"href":"https:\/\/oconnorslawn.com\/es\/wp-json\/wp\/v2\/yard_size?post=6216"},{"taxonomy":"engine_brand","embeddable":true,"href":"https:\/\/oconnorslawn.com\/es\/wp-json\/wp\/v2\/engine_brand?post=6216"},{"taxonomy":"blades","embeddable":true,"href":"https:\/\/oconnorslawn.com\/es\/wp-json\/wp\/v2\/blades?post=6216"},{"taxonomy":"transmission","embeddable":true,"href":"https:\/\/oconnorslawn.com\/es\/wp-json\/wp\/v2\/transmission?post=6216"},{"taxonomy":"seat_type","embeddable":true,"href":"https:\/\/oconnorslawn.com\/es\/wp-json\/wp\/v2\/seat_type?post=6216"},{"taxonomy":"mulch_kit","embeddable":true,"href":"https:\/\/oconnorslawn.com\/es\/wp-json\/wp\/v2\/mulch_kit?post=6216"},{"taxonomy":"bagger_compatible","embeddable":true,"href":"https:\/\/oconnorslawn.com\/es\/wp-json\/wp\/v2\/bagger_compatible?post=6216"},{"taxonomy":"discharge","embeddable":true,"href":"https:\/\/oconnorslawn.com\/es\/wp-json\/wp\/v2\/discharge?post=6216"},{"taxonomy":"start_type","embeddable":true,"href":"https:\/\/oconnorslawn.com\/es\/wp-json\/wp\/v2\/start_type?post=6216"},{"taxonomy":"drive_type","embeddable":true,"href":"https:\/\/oconnorslawn.com\/es\/wp-json\/wp\/v2\/drive_type?post=6216"},{"taxonomy":"power_type","embeddable":true,"href":"https:\/\/oconnorslawn.com\/es\/wp-json\/wp\/v2\/power_type?post=6216"},{"taxonomy":"bar_length","embeddable":true,"href":"https:\/\/oconnorslawn.com\/es\/wp-json\/wp\/v2\/bar_length?post=6216"},{"taxonomy":"handle_type","embeddable":true,"href":"https:\/\/oconnorslawn.com\/es\/wp-json\/wp\/v2\/handle_type?post=6216"}],"curies":[{"name":"wp","href":"https:\/\/api.w.org\/{rel}","templated":true}]}}