{"id":9632,"date":"2021-05-23T20:10:02","date_gmt":"2021-05-24T01:10:02","guid":{"rendered":"https:\/\/oconnorslawn.com\/uncategorized\/ferris-5901982-zero-turn-4\/"},"modified":"2026-03-03T23:22:39","modified_gmt":"2026-03-04T05:22:39","slug":"ferris-5902065-zero-turn-4","status":"publish","type":"product","link":"https:\/\/oconnorslawn.com\/es\/mowers\/zero-turn\/ferris-5902065-zero-turn-4\/","title":{"rendered":"Ferris 5902065 Zero Turn"},"content":{"rendered":"<p>L\u00cdDER EN TECNOLOG\u00cdA DE SUSPENSI\u00d3N PARA C\u00c9SPED. Con la pr\u00f3xima generaci\u00f3n de tecnolog\u00eda de suspensi\u00f3n Ferris: suspensi\u00f3n ForeFront \u2122, un sistema de corte iCD \u2122 de 2 correas, sistema de transmisi\u00f3n comercial dual Hydro-Gear\u00ae ZT-5400 de servicio pesado y velocidades de desplazamiento de hasta 12 mph, el ISX \u2122 3300 est\u00e1 dise\u00f1ado para aumentar la eficiencia y la comodidad del operador.<\/p>","protected":false},"excerpt":{"rendered":"<p>ISX \u2122 3300<\/p>","protected":false},"featured_media":10545,"template":"","meta":{"_acf_changed":false},"product_brand":[617],"product_cat":[16],"product_tag":[62,980,981,94,979],"cut_width":[],"grade":[],"style":[647,686],"yard_size":[],"engine_brand":[],"blades":[],"transmission":[],"seat_type":[],"mulch_kit":[],"bagger_compatible":[],"discharge":[],"start_type":[],"drive_type":[],"power_type":[],"bar_length":[],"handle_type":[],"class_list":{"0":"post-9632","1":"product","2":"type-product","3":"status-publish","4":"has-post-thumbnail","6":"product_brand-ferris","7":"product_cat-zero-turn","8":"product_tag-ferris","9":"product_tag-ferris-zero-turn","10":"product_tag-ferris-zero-turns","11":"product_tag-zero-turn","12":"product_tag-zero-turns","13":"style-riding","14":"style-zero-turn","16":"first","17":"instock","18":"taxable","19":"shipping-taxable","20":"product-type-simple"},"acf":[],"_links":{"self":[{"href":"https:\/\/oconnorslawn.com\/es\/wp-json\/wp\/v2\/product\/9632","targetHints":{"allow":["GET"]}}],"collection":[{"href":"https:\/\/oconnorslawn.com\/es\/wp-json\/wp\/v2\/product"}],"about":[{"href":"https:\/\/oconnorslawn.com\/es\/wp-json\/wp\/v2\/types\/product"}],"version-history":[{"count":3,"href":"https:\/\/oconnorslawn.com\/es\/wp-json\/wp\/v2\/product\/9632\/revisions"}],"predecessor-version":[{"id":13706,"href":"https:\/\/oconnorslawn.com\/es\/wp-json\/wp\/v2\/product\/9632\/revisions\/13706"}],"wp:featuredmedia":[{"embeddable":true,"href":"https:\/\/oconnorslawn.com\/es\/wp-json\/wp\/v2\/media\/10545"}],"wp:attachment":[{"href":"https:\/\/oconnorslawn.com\/es\/wp-json\/wp\/v2\/media?parent=9632"}],"wp:term":[{"taxonomy":"product_brand","embeddable":true,"href":"https:\/\/oconnorslawn.com\/es\/wp-json\/wp\/v2\/product_brand?post=9632"},{"taxonomy":"product_cat","embeddable":true,"href":"https:\/\/oconnorslawn.com\/es\/wp-json\/wp\/v2\/product_cat?post=9632"},{"taxonomy":"product_tag","embeddable":true,"href":"https:\/\/oconnorslawn.com\/es\/wp-json\/wp\/v2\/product_tag?post=9632"},{"taxonomy":"cut_width","embeddable":true,"href":"https:\/\/oconnorslawn.com\/es\/wp-json\/wp\/v2\/cut_width?post=9632"},{"taxonomy":"grade","embeddable":true,"href":"https:\/\/oconnorslawn.com\/es\/wp-json\/wp\/v2\/grade?post=9632"},{"taxonomy":"style","embeddable":true,"href":"https:\/\/oconnorslawn.com\/es\/wp-json\/wp\/v2\/style?post=9632"},{"taxonomy":"yard_size","embeddable":true,"href":"https:\/\/oconnorslawn.com\/es\/wp-json\/wp\/v2\/yard_size?post=9632"},{"taxonomy":"engine_brand","embeddable":true,"href":"https:\/\/oconnorslawn.com\/es\/wp-json\/wp\/v2\/engine_brand?post=9632"},{"taxonomy":"blades","embeddable":true,"href":"https:\/\/oconnorslawn.com\/es\/wp-json\/wp\/v2\/blades?post=9632"},{"taxonomy":"transmission","embeddable":true,"href":"https:\/\/oconnorslawn.com\/es\/wp-json\/wp\/v2\/transmission?post=9632"},{"taxonomy":"seat_type","embeddable":true,"href":"https:\/\/oconnorslawn.com\/es\/wp-json\/wp\/v2\/seat_type?post=9632"},{"taxonomy":"mulch_kit","embeddable":true,"href":"https:\/\/oconnorslawn.com\/es\/wp-json\/wp\/v2\/mulch_kit?post=9632"},{"taxonomy":"bagger_compatible","embeddable":true,"href":"https:\/\/oconnorslawn.com\/es\/wp-json\/wp\/v2\/bagger_compatible?post=9632"},{"taxonomy":"discharge","embeddable":true,"href":"https:\/\/oconnorslawn.com\/es\/wp-json\/wp\/v2\/discharge?post=9632"},{"taxonomy":"start_type","embeddable":true,"href":"https:\/\/oconnorslawn.com\/es\/wp-json\/wp\/v2\/start_type?post=9632"},{"taxonomy":"drive_type","embeddable":true,"href":"https:\/\/oconnorslawn.com\/es\/wp-json\/wp\/v2\/drive_type?post=9632"},{"taxonomy":"power_type","embeddable":true,"href":"https:\/\/oconnorslawn.com\/es\/wp-json\/wp\/v2\/power_type?post=9632"},{"taxonomy":"bar_length","embeddable":true,"href":"https:\/\/oconnorslawn.com\/es\/wp-json\/wp\/v2\/bar_length?post=9632"},{"taxonomy":"handle_type","embeddable":true,"href":"https:\/\/oconnorslawn.com\/es\/wp-json\/wp\/v2\/handle_type?post=9632"}],"curies":[{"name":"wp","href":"https:\/\/api.w.org\/{rel}","templated":true}]}}