{"id":9657,"date":"2021-05-23T20:42:16","date_gmt":"2021-05-24T01:42:16","guid":{"rendered":"https:\/\/oconnorslawn.com\/uncategorized\/stihl-hl-56-k-hedge-trimmer\/"},"modified":"2024-09-25T11:59:46","modified_gmt":"2024-09-25T16:59:46","slug":"stihl-hl-56-k-hedge-trimmer","status":"publish","type":"product","link":"https:\/\/oconnorslawn.com\/es\/gardening-equipment\/hedge-trimmers\/stihl-hl-56-k-hedge-trimmer\/","title":{"rendered":"Cortasetos Stihl HL 56 K"},"content":{"rendered":"<p>El cortasetos extensible HL 56 K est\u00e1 hecho para alcanzar los setos m\u00e1s altos. Esta unidad recorre la l\u00ednea entre residencial y comercial con un eje de 26 \u201dy el potencial de extenderse tambi\u00e9n. Disfrute de una hoja de \u00e1ngulo fijo de 0 \u00b0 para esculpir y recortar sin esfuerzo.<\/p>","protected":false},"excerpt":{"rendered":"<p>Un cortasetos de longitud extendida con un conveniente eje corto ideal para uso de propietarios de viviendas y paisajistas de nivel de entrada.<\/p>","protected":false},"featured_media":12473,"template":"","meta":{"_acf_changed":false},"product_brand":[618],"product_cat":[634],"product_tag":[450,368,532,531,533,83,305,251,111,108,343,382],"cut_width":[],"grade":[],"style":[],"yard_size":[],"engine_brand":[],"blades":[],"transmission":[],"seat_type":[],"mulch_kit":[],"bagger_compatible":[],"discharge":[],"start_type":[],"drive_type":[],"power_type":[],"bar_length":[],"handle_type":[],"class_list":{"0":"post-9657","1":"product","2":"type-product","3":"status-publish","4":"has-post-thumbnail","6":"product_brand-stihl","7":"product_cat-hedge-trimmers","8":"product_tag-450","9":"product_tag-entry-level","10":"product_tag-extended-hedge-trimmer","11":"product_tag-extended-length-hedge-trimmer","12":"product_tag-full-length-64","13":"product_tag-gas","14":"product_tag-hedge-trimmer","15":"product_tag-homeowner","16":"product_tag-pull-start","17":"product_tag-residential","18":"product_tag-stihl","19":"product_tag-under-450","21":"first","22":"instock","23":"taxable","24":"shipping-taxable","25":"product-type-simple"},"acf":[],"_links":{"self":[{"href":"https:\/\/oconnorslawn.com\/es\/wp-json\/wp\/v2\/product\/9657","targetHints":{"allow":["GET"]}}],"collection":[{"href":"https:\/\/oconnorslawn.com\/es\/wp-json\/wp\/v2\/product"}],"about":[{"href":"https:\/\/oconnorslawn.com\/es\/wp-json\/wp\/v2\/types\/product"}],"version-history":[{"count":1,"href":"https:\/\/oconnorslawn.com\/es\/wp-json\/wp\/v2\/product\/9657\/revisions"}],"predecessor-version":[{"id":11110,"href":"https:\/\/oconnorslawn.com\/es\/wp-json\/wp\/v2\/product\/9657\/revisions\/11110"}],"wp:featuredmedia":[{"embeddable":true,"href":"https:\/\/oconnorslawn.com\/es\/wp-json\/wp\/v2\/media\/12473"}],"wp:attachment":[{"href":"https:\/\/oconnorslawn.com\/es\/wp-json\/wp\/v2\/media?parent=9657"}],"wp:term":[{"taxonomy":"product_brand","embeddable":true,"href":"https:\/\/oconnorslawn.com\/es\/wp-json\/wp\/v2\/product_brand?post=9657"},{"taxonomy":"product_cat","embeddable":true,"href":"https:\/\/oconnorslawn.com\/es\/wp-json\/wp\/v2\/product_cat?post=9657"},{"taxonomy":"product_tag","embeddable":true,"href":"https:\/\/oconnorslawn.com\/es\/wp-json\/wp\/v2\/product_tag?post=9657"},{"taxonomy":"cut_width","embeddable":true,"href":"https:\/\/oconnorslawn.com\/es\/wp-json\/wp\/v2\/cut_width?post=9657"},{"taxonomy":"grade","embeddable":true,"href":"https:\/\/oconnorslawn.com\/es\/wp-json\/wp\/v2\/grade?post=9657"},{"taxonomy":"style","embeddable":true,"href":"https:\/\/oconnorslawn.com\/es\/wp-json\/wp\/v2\/style?post=9657"},{"taxonomy":"yard_size","embeddable":true,"href":"https:\/\/oconnorslawn.com\/es\/wp-json\/wp\/v2\/yard_size?post=9657"},{"taxonomy":"engine_brand","embeddable":true,"href":"https:\/\/oconnorslawn.com\/es\/wp-json\/wp\/v2\/engine_brand?post=9657"},{"taxonomy":"blades","embeddable":true,"href":"https:\/\/oconnorslawn.com\/es\/wp-json\/wp\/v2\/blades?post=9657"},{"taxonomy":"transmission","embeddable":true,"href":"https:\/\/oconnorslawn.com\/es\/wp-json\/wp\/v2\/transmission?post=9657"},{"taxonomy":"seat_type","embeddable":true,"href":"https:\/\/oconnorslawn.com\/es\/wp-json\/wp\/v2\/seat_type?post=9657"},{"taxonomy":"mulch_kit","embeddable":true,"href":"https:\/\/oconnorslawn.com\/es\/wp-json\/wp\/v2\/mulch_kit?post=9657"},{"taxonomy":"bagger_compatible","embeddable":true,"href":"https:\/\/oconnorslawn.com\/es\/wp-json\/wp\/v2\/bagger_compatible?post=9657"},{"taxonomy":"discharge","embeddable":true,"href":"https:\/\/oconnorslawn.com\/es\/wp-json\/wp\/v2\/discharge?post=9657"},{"taxonomy":"start_type","embeddable":true,"href":"https:\/\/oconnorslawn.com\/es\/wp-json\/wp\/v2\/start_type?post=9657"},{"taxonomy":"drive_type","embeddable":true,"href":"https:\/\/oconnorslawn.com\/es\/wp-json\/wp\/v2\/drive_type?post=9657"},{"taxonomy":"power_type","embeddable":true,"href":"https:\/\/oconnorslawn.com\/es\/wp-json\/wp\/v2\/power_type?post=9657"},{"taxonomy":"bar_length","embeddable":true,"href":"https:\/\/oconnorslawn.com\/es\/wp-json\/wp\/v2\/bar_length?post=9657"},{"taxonomy":"handle_type","embeddable":true,"href":"https:\/\/oconnorslawn.com\/es\/wp-json\/wp\/v2\/handle_type?post=9657"}],"curies":[{"name":"wp","href":"https:\/\/api.w.org\/{rel}","templated":true}]}}