{"id":9661,"date":"2021-05-23T20:43:15","date_gmt":"2021-05-24T01:43:15","guid":{"rendered":"https:\/\/oconnorslawn.com\/uncategorized\/stihl-ht-131-pole-saw\/"},"modified":"2023-01-02T13:48:21","modified_gmt":"2023-01-02T19:48:21","slug":"stihl-ht-131-pole-saw","status":"publish","type":"product","link":"https:\/\/oconnorslawn.com\/es\/saws-chippers\/pole-saws\/stihl-ht-131-pole-saw\/","title":{"rendered":"Sierra de p\u00e9rtiga Stihl HT 131"},"content":{"rendered":"<p>The HT 131 pole saw is the perfect choice for pros. With a 14\u201d bar, you can cut with precision every time on tree jobs, orchards and more. Chain adjustments have never been easier with side access. Plus, a go-green 4-MIX\u2122 engine too.<\/p>","protected":false},"excerpt":{"rendered":"<p>Una podadora de p\u00e9rtiga telesc\u00f3pica potente y ligera dise\u00f1ada para profesionales.<\/p>","protected":false},"featured_media":5094,"template":"","meta":{"_acf_changed":false},"product_brand":[618],"product_cat":[275],"product_tag":[547,83,544,493,550,549,351,111,343,551],"cut_width":[],"grade":[],"style":[],"yard_size":[],"engine_brand":[],"blades":[],"transmission":[],"seat_type":[],"mulch_kit":[],"bagger_compatible":[],"discharge":[],"start_type":[],"drive_type":[],"power_type":[],"bar_length":[],"handle_type":[],"class_list":{"0":"post-9661","1":"product","2":"type-product","3":"status-publish","4":"has-post-thumbnail","6":"product_brand-stihl","7":"product_cat-pole-saws","8":"product_tag-547","9":"product_tag-gas","10":"product_tag-length-11","11":"product_tag-lightweight","12":"product_tag-powerful","13":"product_tag-powerful-and-lightweight","14":"product_tag-professional","15":"product_tag-pull-start","16":"product_tag-stihl","17":"product_tag-under-700","19":"first","20":"instock","21":"taxable","22":"shipping-taxable","23":"product-type-simple"},"acf":[],"_links":{"self":[{"href":"https:\/\/oconnorslawn.com\/es\/wp-json\/wp\/v2\/product\/9661","targetHints":{"allow":["GET"]}}],"collection":[{"href":"https:\/\/oconnorslawn.com\/es\/wp-json\/wp\/v2\/product"}],"about":[{"href":"https:\/\/oconnorslawn.com\/es\/wp-json\/wp\/v2\/types\/product"}],"version-history":[{"count":1,"href":"https:\/\/oconnorslawn.com\/es\/wp-json\/wp\/v2\/product\/9661\/revisions"}],"predecessor-version":[{"id":11113,"href":"https:\/\/oconnorslawn.com\/es\/wp-json\/wp\/v2\/product\/9661\/revisions\/11113"}],"wp:featuredmedia":[{"embeddable":true,"href":"https:\/\/oconnorslawn.com\/es\/wp-json\/wp\/v2\/media\/5094"}],"wp:attachment":[{"href":"https:\/\/oconnorslawn.com\/es\/wp-json\/wp\/v2\/media?parent=9661"}],"wp:term":[{"taxonomy":"product_brand","embeddable":true,"href":"https:\/\/oconnorslawn.com\/es\/wp-json\/wp\/v2\/product_brand?post=9661"},{"taxonomy":"product_cat","embeddable":true,"href":"https:\/\/oconnorslawn.com\/es\/wp-json\/wp\/v2\/product_cat?post=9661"},{"taxonomy":"product_tag","embeddable":true,"href":"https:\/\/oconnorslawn.com\/es\/wp-json\/wp\/v2\/product_tag?post=9661"},{"taxonomy":"cut_width","embeddable":true,"href":"https:\/\/oconnorslawn.com\/es\/wp-json\/wp\/v2\/cut_width?post=9661"},{"taxonomy":"grade","embeddable":true,"href":"https:\/\/oconnorslawn.com\/es\/wp-json\/wp\/v2\/grade?post=9661"},{"taxonomy":"style","embeddable":true,"href":"https:\/\/oconnorslawn.com\/es\/wp-json\/wp\/v2\/style?post=9661"},{"taxonomy":"yard_size","embeddable":true,"href":"https:\/\/oconnorslawn.com\/es\/wp-json\/wp\/v2\/yard_size?post=9661"},{"taxonomy":"engine_brand","embeddable":true,"href":"https:\/\/oconnorslawn.com\/es\/wp-json\/wp\/v2\/engine_brand?post=9661"},{"taxonomy":"blades","embeddable":true,"href":"https:\/\/oconnorslawn.com\/es\/wp-json\/wp\/v2\/blades?post=9661"},{"taxonomy":"transmission","embeddable":true,"href":"https:\/\/oconnorslawn.com\/es\/wp-json\/wp\/v2\/transmission?post=9661"},{"taxonomy":"seat_type","embeddable":true,"href":"https:\/\/oconnorslawn.com\/es\/wp-json\/wp\/v2\/seat_type?post=9661"},{"taxonomy":"mulch_kit","embeddable":true,"href":"https:\/\/oconnorslawn.com\/es\/wp-json\/wp\/v2\/mulch_kit?post=9661"},{"taxonomy":"bagger_compatible","embeddable":true,"href":"https:\/\/oconnorslawn.com\/es\/wp-json\/wp\/v2\/bagger_compatible?post=9661"},{"taxonomy":"discharge","embeddable":true,"href":"https:\/\/oconnorslawn.com\/es\/wp-json\/wp\/v2\/discharge?post=9661"},{"taxonomy":"start_type","embeddable":true,"href":"https:\/\/oconnorslawn.com\/es\/wp-json\/wp\/v2\/start_type?post=9661"},{"taxonomy":"drive_type","embeddable":true,"href":"https:\/\/oconnorslawn.com\/es\/wp-json\/wp\/v2\/drive_type?post=9661"},{"taxonomy":"power_type","embeddable":true,"href":"https:\/\/oconnorslawn.com\/es\/wp-json\/wp\/v2\/power_type?post=9661"},{"taxonomy":"bar_length","embeddable":true,"href":"https:\/\/oconnorslawn.com\/es\/wp-json\/wp\/v2\/bar_length?post=9661"},{"taxonomy":"handle_type","embeddable":true,"href":"https:\/\/oconnorslawn.com\/es\/wp-json\/wp\/v2\/handle_type?post=9661"}],"curies":[{"name":"wp","href":"https:\/\/api.w.org\/{rel}","templated":true}]}}