{"id":9686,"date":"2021-05-23T20:52:23","date_gmt":"2021-05-24T01:52:23","guid":{"rendered":"https:\/\/oconnorslawn.com\/uncategorized\/toro-75314-zero-turn\/"},"modified":"2026-01-21T12:16:05","modified_gmt":"2026-01-21T18:16:05","slug":"toro-75314-zero-turn","status":"publish","type":"product","link":"https:\/\/oconnorslawn.com\/es\/mowers\/zero-turn\/toro-75314-zero-turn\/","title":{"rendered":"Toro 75314 giro cero"},"content":{"rendered":"<ul>\n<li>Comodidades creativas: disfrute del sistema de suspensi\u00f3n MyRIDE para un viaje m\u00e1s f\u00e1cil.<\/li>\n<li>Caracter\u00edsticas profesionales: con un pasador de ca\u00edda comercial, un filtro de aire estilo canister y un conducto de goma, podr\u00e1 cortar mejor y m\u00e1s r\u00e1pido.<\/li>\n<li>Mejor rendimiento: las cuchillas giran a m\u00e1s de 18,000 pies por minuto y los deflectores y el flujo de aire dispersan la hierba sin grumos.<\/li>\n<\/ul>","protected":false},"excerpt":{"rendered":"<p>48&#8243; TITAN\u00ae MyRIDE\u00ae Mower<\/p>","protected":false},"featured_media":11286,"template":"","meta":{"_acf_changed":false},"product_brand":[616],"product_cat":[16],"product_tag":[],"cut_width":[],"grade":[],"style":[],"yard_size":[],"engine_brand":[],"blades":[],"transmission":[],"seat_type":[],"mulch_kit":[],"bagger_compatible":[],"discharge":[],"start_type":[],"drive_type":[],"power_type":[],"bar_length":[],"handle_type":[],"class_list":{"0":"post-9686","1":"product","2":"type-product","3":"status-publish","4":"has-post-thumbnail","6":"product_brand-toro","7":"product_cat-zero-turn","9":"first","10":"instock","11":"taxable","12":"shipping-taxable","13":"product-type-simple"},"acf":[],"_links":{"self":[{"href":"https:\/\/oconnorslawn.com\/es\/wp-json\/wp\/v2\/product\/9686","targetHints":{"allow":["GET"]}}],"collection":[{"href":"https:\/\/oconnorslawn.com\/es\/wp-json\/wp\/v2\/product"}],"about":[{"href":"https:\/\/oconnorslawn.com\/es\/wp-json\/wp\/v2\/types\/product"}],"version-history":[{"count":2,"href":"https:\/\/oconnorslawn.com\/es\/wp-json\/wp\/v2\/product\/9686\/revisions"}],"predecessor-version":[{"id":12664,"href":"https:\/\/oconnorslawn.com\/es\/wp-json\/wp\/v2\/product\/9686\/revisions\/12664"}],"wp:featuredmedia":[{"embeddable":true,"href":"https:\/\/oconnorslawn.com\/es\/wp-json\/wp\/v2\/media\/11286"}],"wp:attachment":[{"href":"https:\/\/oconnorslawn.com\/es\/wp-json\/wp\/v2\/media?parent=9686"}],"wp:term":[{"taxonomy":"product_brand","embeddable":true,"href":"https:\/\/oconnorslawn.com\/es\/wp-json\/wp\/v2\/product_brand?post=9686"},{"taxonomy":"product_cat","embeddable":true,"href":"https:\/\/oconnorslawn.com\/es\/wp-json\/wp\/v2\/product_cat?post=9686"},{"taxonomy":"product_tag","embeddable":true,"href":"https:\/\/oconnorslawn.com\/es\/wp-json\/wp\/v2\/product_tag?post=9686"},{"taxonomy":"cut_width","embeddable":true,"href":"https:\/\/oconnorslawn.com\/es\/wp-json\/wp\/v2\/cut_width?post=9686"},{"taxonomy":"grade","embeddable":true,"href":"https:\/\/oconnorslawn.com\/es\/wp-json\/wp\/v2\/grade?post=9686"},{"taxonomy":"style","embeddable":true,"href":"https:\/\/oconnorslawn.com\/es\/wp-json\/wp\/v2\/style?post=9686"},{"taxonomy":"yard_size","embeddable":true,"href":"https:\/\/oconnorslawn.com\/es\/wp-json\/wp\/v2\/yard_size?post=9686"},{"taxonomy":"engine_brand","embeddable":true,"href":"https:\/\/oconnorslawn.com\/es\/wp-json\/wp\/v2\/engine_brand?post=9686"},{"taxonomy":"blades","embeddable":true,"href":"https:\/\/oconnorslawn.com\/es\/wp-json\/wp\/v2\/blades?post=9686"},{"taxonomy":"transmission","embeddable":true,"href":"https:\/\/oconnorslawn.com\/es\/wp-json\/wp\/v2\/transmission?post=9686"},{"taxonomy":"seat_type","embeddable":true,"href":"https:\/\/oconnorslawn.com\/es\/wp-json\/wp\/v2\/seat_type?post=9686"},{"taxonomy":"mulch_kit","embeddable":true,"href":"https:\/\/oconnorslawn.com\/es\/wp-json\/wp\/v2\/mulch_kit?post=9686"},{"taxonomy":"bagger_compatible","embeddable":true,"href":"https:\/\/oconnorslawn.com\/es\/wp-json\/wp\/v2\/bagger_compatible?post=9686"},{"taxonomy":"discharge","embeddable":true,"href":"https:\/\/oconnorslawn.com\/es\/wp-json\/wp\/v2\/discharge?post=9686"},{"taxonomy":"start_type","embeddable":true,"href":"https:\/\/oconnorslawn.com\/es\/wp-json\/wp\/v2\/start_type?post=9686"},{"taxonomy":"drive_type","embeddable":true,"href":"https:\/\/oconnorslawn.com\/es\/wp-json\/wp\/v2\/drive_type?post=9686"},{"taxonomy":"power_type","embeddable":true,"href":"https:\/\/oconnorslawn.com\/es\/wp-json\/wp\/v2\/power_type?post=9686"},{"taxonomy":"bar_length","embeddable":true,"href":"https:\/\/oconnorslawn.com\/es\/wp-json\/wp\/v2\/bar_length?post=9686"},{"taxonomy":"handle_type","embeddable":true,"href":"https:\/\/oconnorslawn.com\/es\/wp-json\/wp\/v2\/handle_type?post=9686"}],"curies":[{"name":"wp","href":"https:\/\/api.w.org\/{rel}","templated":true}]}}